{"id":157,"date":"2010-10-23T07:29:07","date_gmt":"2010-10-23T07:29:07","guid":{"rendered":"http:\/\/www.leaviita.com\/?page_id=157"},"modified":"2018-03-21T15:41:06","modified_gmt":"2018-03-21T15:41:06","slug":"periferique","status":"publish","type":"page","link":"https:\/\/www.leaviita.com\/?page_id=157","title":{"rendered":"2012 Moderni er\u00e4maa I &#8211; XIII  \/ Brush of The Modern P\u00e9riph\u00e9rique I &#8211; XIII"},"content":{"rendered":"<p><a title=\"Moderni er\u00e4maan sivallus \/ Brush of the Wilderness\" href=\"http:\/\/www.youtube.com\/watch?v=3GksP-NFWXY\" target=\"_blank\" rel=\"noopener\">2012 -2004 Moderni er\u00e4maa \/ Modern Brush of P\u00e9riph\u00e9rique (youtube-video)<\/a><\/p>\n<p><img decoding=\"async\" src=\"http:\/\/www.leaviita.com\/wp-content\/uploads\/2018\/03\/PicsArt_03-21-05.11.18-1-1024x618.jpg\" \/><\/p>\n<p>Buolevard P\u00e9riph\u00e9rique de Paris <strong>nro A86<\/strong>, keh\u00e4tie, jonka ymp\u00e4rist\u00f6ss\u00e4 seikkailimme vuonna 2004, mutta tuo ty\u00f6huoneen vieritse kulkeva <strong>tie nro 944 vie kaikkialle, sek\u00e4 pohjoiseen ett\u00e4 etel\u00e4\u00e4n.<\/strong><\/p>\n<ol data-ved=\"0CH0Q_xdqFQoTCMOC59XftMcCFYtZLAoduBQHeQ\">\n<li class=\"mod\" data-md=\"16\" data-hveid=\"130\" data-ved=\"0CIIBEIcoKAEwDmoVChMIw4Ln1d-0xwIVi1ksCh24FAd5\">\n<div class=\"_fdf _odf\">\n<div class=\"kno-ecr-pt kno-fb-ctx\" data-ved=\"0CIMBENwdKAAwDmoVChMIw4Ln1d-0xwIVi1ksCh24FAd5\">P\u00e9riph\u00e9rique<\/div>\n<div class=\"_gdf\"><strong><span class=\"kno-fb-ctx\" data-ved=\"0CIQBENpKKAEwDmoVChMIw4Ln1d-0xwIVi1ksCh24FAd5\">Tie<\/span><\/strong><\/div>\n<\/div>\n<\/li>\n<li class=\"mod\" data-md=\"50\" data-ved=\"0CIUBEJApKAIwD2oVChMIw4Ln1d-0xwIVi1ksCh24FAd5\">\n<div class=\"_cgc kno-fb-ctx\" data-hveid=\"134\" data-ved=\"0CIYBEM4gKAAwD2oVChMIw4Ln1d-0xwIVi1ksCh24FAd5\">\n<div class=\"kno-rdesc\">P\u00e9riph\u00e9rique tarkoittaa ranskan kielell\u00e4 keh\u00e4tiet\u00e4. Kuuluisin P\u00e9riph\u00e9rique on moottoritiem\u00e4inen <strong>keh\u00e4tie<\/strong>, joka kulkee Pariisin ymp\u00e4ri. Tien rakentaminen aloitettiin 1970-luvun alussa ja saatiin valmiiksi 25. toukokuuta 1973. <a class=\"fl q _KCd\" href=\"http:\/\/fi.wikipedia.org\/wiki\/P%C3%A9riph%C3%A9rique\" data-ved=\"0CIcBEJoTMA9qFQoTCMOC59XftMcCFYtZLAoduBQHeQ\"><span class=\"_tWc\">Wikipedia<\/span><\/a><\/div>\n<\/div>\n<\/li>\n<\/ol>\n\t<div class='gallery' id='gallery_1'>\r\n\t\t\t\t\t\t\t\n\t\t<style type=\"text\/css\">\n\t\t\t#gallery-1 {\n\t\t\t\tmargin: auto;\n\t\t\t}\n\t\t\t#gallery-1 .gallery-item {\n\t\t\t\tfloat: left;\n\t\t\t\tmargin-top: 10px;\n\t\t\t\ttext-align: center;\n\t\t\t\twidth: 100%;\n\t\t\t}\n\t\t\t#gallery-1 img {\n\t\t\t\tborder: 2px solid #cfcfcf;\n\t\t\t}\n\t\t\t#gallery-1 .gallery-caption {\n\t\t\t\tmargin-left: 0;\n\t\t\t}\n\t\t\t\/* see gallery_shortcode() in wp-includes\/media.php *\/\n\t\t<\/style>\n\t\t<div id='gallery-1' class='gallery galleryid-157 gallery-columns-1 gallery-size-large'><dl class='gallery-item'>\n\t\t\t<dt class='gallery-icon landscape'>\n\t\t\t\t<a href='https:\/\/www.leaviita.com\/?attachment_id=7338'><img loading=\"lazy\" decoding=\"async\" width=\"950\" height=\"672\" src=\"https:\/\/www.leaviita.com\/wp-content\/uploads\/2018\/03\/IMG_20180321_1728112-1024x724.jpg\" class=\"attachment-large size-large\" alt=\"\" aria-describedby=\"gallery-1-7338\" srcset=\"https:\/\/www.leaviita.com\/wp-content\/uploads\/2018\/03\/IMG_20180321_1728112-1024x724.jpg 1024w, https:\/\/www.leaviita.com\/wp-content\/uploads\/2018\/03\/IMG_20180321_1728112-300x212.jpg 300w, https:\/\/www.leaviita.com\/wp-content\/uploads\/2018\/03\/IMG_20180321_1728112-768x543.jpg 768w\" sizes=\"auto, (max-width: 950px) 100vw, 950px\" \/><\/a>\n\t\t\t<\/dt>\n\t\t\t\t<dd class='wp-caption-text gallery-caption' id='gallery-1-7338'>\n\t\t\t\t2012 Er\u00e4maa V Lapin kev\u00e4t osa 2 ( 3 x 87 x 117 cm) 1.200 e\n\t\t\t\t<\/dd><\/dl><br style=\"clear: both\" \/><dl class='gallery-item'>\n\t\t\t<dt class='gallery-icon landscape'>\n\t\t\t\t<a href='https:\/\/www.leaviita.com\/?attachment_id=217'><img loading=\"lazy\" decoding=\"async\" width=\"950\" height=\"705\" src=\"https:\/\/www.leaviita.com\/wp-content\/uploads\/2010\/10\/WildsOfLapland1pk-1024x760.jpg\" class=\"attachment-large size-large\" alt=\"\" aria-describedby=\"gallery-1-217\" srcset=\"https:\/\/www.leaviita.com\/wp-content\/uploads\/2010\/10\/WildsOfLapland1pk-1024x760.jpg 1024w, https:\/\/www.leaviita.com\/wp-content\/uploads\/2010\/10\/WildsOfLapland1pk-300x222.jpg 300w, https:\/\/www.leaviita.com\/wp-content\/uploads\/2010\/10\/WildsOfLapland1pk.jpg 1616w\" sizes=\"auto, (max-width: 950px) 100vw, 950px\" \/><\/a>\n\t\t\t<\/dt>\n\t\t\t\t<dd class='wp-caption-text gallery-caption' id='gallery-1-217'>\n\t\t\t\tEr\u00e4maa I, 103 x 134 cm (yksityisom.)\n\t\t\t\t<\/dd><\/dl><br style=\"clear: both\" \/><dl class='gallery-item'>\n\t\t\t<dt class='gallery-icon landscape'>\n\t\t\t\t<a href='https:\/\/www.leaviita.com\/?attachment_id=225'><img loading=\"lazy\" decoding=\"async\" width=\"950\" height=\"702\" src=\"https:\/\/www.leaviita.com\/wp-content\/uploads\/2010\/10\/WildsOfLapland2pk-1024x757.jpg\" class=\"attachment-large size-large\" alt=\"Wilds Of Lapland II \/ Lapin Er\u00e4maa II\" aria-describedby=\"gallery-1-225\" srcset=\"https:\/\/www.leaviita.com\/wp-content\/uploads\/2010\/10\/WildsOfLapland2pk-1024x757.jpg 1024w, https:\/\/www.leaviita.com\/wp-content\/uploads\/2010\/10\/WildsOfLapland2pk-300x222.jpg 300w, https:\/\/www.leaviita.com\/wp-content\/uploads\/2010\/10\/WildsOfLapland2pk.jpg 1632w\" sizes=\"auto, (max-width: 950px) 100vw, 950px\" \/><\/a>\n\t\t\t<\/dt>\n\t\t\t\t<dd class='wp-caption-text gallery-caption' id='gallery-1-225'>\n\t\t\t\tEr\u00e4maa II, 103 x 134 cm (yksityisom.)\n\t\t\t\t<\/dd><\/dl><br style=\"clear: both\" \/><dl class='gallery-item'>\n\t\t\t<dt class='gallery-icon landscape'>\n\t\t\t\t<a href='https:\/\/www.leaviita.com\/?attachment_id=2740'><img loading=\"lazy\" decoding=\"async\" width=\"950\" height=\"710\" src=\"https:\/\/www.leaviita.com\/wp-content\/uploads\/2012\/03\/Er\u00e4maa3p-1024x765.jpg\" class=\"attachment-large size-large\" alt=\"\" aria-describedby=\"gallery-1-2740\" srcset=\"https:\/\/www.leaviita.com\/wp-content\/uploads\/2012\/03\/Er\u00e4maa3p-1024x765.jpg 1024w, https:\/\/www.leaviita.com\/wp-content\/uploads\/2012\/03\/Er\u00e4maa3p-300x224.jpg 300w, https:\/\/www.leaviita.com\/wp-content\/uploads\/2012\/03\/Er\u00e4maa3p.jpg 1487w\" sizes=\"auto, (max-width: 950px) 100vw, 950px\" \/><\/a>\n\t\t\t<\/dt>\n\t\t\t\t<dd class='wp-caption-text gallery-caption' id='gallery-1-2740'>\n\t\t\t\tEr\u00e4maa III (yksityisom.)\n\t\t\t\t<\/dd><\/dl><br style=\"clear: both\" \/><dl class='gallery-item'>\n\t\t\t<dt class='gallery-icon landscape'>\n\t\t\t\t<a href='https:\/\/www.leaviita.com\/?attachment_id=2741'><img loading=\"lazy\" decoding=\"async\" width=\"950\" height=\"712\" src=\"https:\/\/www.leaviita.com\/wp-content\/uploads\/2012\/03\/Er\u00e4maa4p-1024x767.jpg\" class=\"attachment-large size-large\" alt=\"\" aria-describedby=\"gallery-1-2741\" srcset=\"https:\/\/www.leaviita.com\/wp-content\/uploads\/2012\/03\/Er\u00e4maa4p-1024x767.jpg 1024w, https:\/\/www.leaviita.com\/wp-content\/uploads\/2012\/03\/Er\u00e4maa4p-300x224.jpg 300w, https:\/\/www.leaviita.com\/wp-content\/uploads\/2012\/03\/Er\u00e4maa4p.jpg 1494w\" sizes=\"auto, (max-width: 950px) 100vw, 950px\" \/><\/a>\n\t\t\t<\/dt>\n\t\t\t\t<dd class='wp-caption-text gallery-caption' id='gallery-1-2741'>\n\t\t\t\tEr\u00e4maa IV  (yksityisom)\n\t\t\t\t<\/dd><\/dl><br style=\"clear: both\" \/><dl class='gallery-item'>\n\t\t\t<dt class='gallery-icon landscape'>\n\t\t\t\t<a href='https:\/\/www.leaviita.com\/?attachment_id=2802'><img loading=\"lazy\" decoding=\"async\" width=\"950\" height=\"935\" src=\"https:\/\/www.leaviita.com\/wp-content\/uploads\/2012\/04\/Er\u00e4maa6NaavaaP-1024x1008.jpg\" class=\"attachment-large size-large\" alt=\"\" aria-describedby=\"gallery-1-2802\" srcset=\"https:\/\/www.leaviita.com\/wp-content\/uploads\/2012\/04\/Er\u00e4maa6NaavaaP-1024x1008.jpg 1024w, https:\/\/www.leaviita.com\/wp-content\/uploads\/2012\/04\/Er\u00e4maa6NaavaaP-300x295.jpg 300w, https:\/\/www.leaviita.com\/wp-content\/uploads\/2012\/04\/Er\u00e4maa6NaavaaP.jpg 1236w\" sizes=\"auto, (max-width: 950px) 100vw, 950px\" \/><\/a>\n\t\t\t<\/dt>\n\t\t\t\t<dd class='wp-caption-text gallery-caption' id='gallery-1-2802'>\n\t\t\t\tEr\u00e4maa VI, 122 x 130 cm\n\t\t\t\t<\/dd><\/dl><br style=\"clear: both\" \/><dl class='gallery-item'>\n\t\t\t<dt class='gallery-icon landscape'>\n\t\t\t\t<a href='https:\/\/www.leaviita.com\/?attachment_id=2821'><img loading=\"lazy\" decoding=\"async\" width=\"950\" height=\"713\" src=\"https:\/\/www.leaviita.com\/wp-content\/uploads\/2012\/04\/Naavaa6Yksityiskohta1-1024x768.jpg\" class=\"attachment-large size-large\" alt=\"\" aria-describedby=\"gallery-1-2821\" srcset=\"https:\/\/www.leaviita.com\/wp-content\/uploads\/2012\/04\/Naavaa6Yksityiskohta1-1024x768.jpg 1024w, https:\/\/www.leaviita.com\/wp-content\/uploads\/2012\/04\/Naavaa6Yksityiskohta1-300x225.jpg 300w\" sizes=\"auto, (max-width: 950px) 100vw, 950px\" \/><\/a>\n\t\t\t<\/dt>\n\t\t\t\t<dd class='wp-caption-text gallery-caption' id='gallery-1-2821'>\n\t\t\t\tNaavaa I \/ Yksityiskohta\n\t\t\t\t<\/dd><\/dl><br style=\"clear: both\" \/><dl class='gallery-item'>\n\t\t\t<dt class='gallery-icon landscape'>\n\t\t\t\t<a href='https:\/\/www.leaviita.com\/?attachment_id=2822'><img loading=\"lazy\" decoding=\"async\" width=\"950\" height=\"713\" src=\"https:\/\/www.leaviita.com\/wp-content\/uploads\/2012\/04\/Naavaa6Yksityiskohta2-1024x768.jpg\" class=\"attachment-large size-large\" alt=\"\" aria-describedby=\"gallery-1-2822\" srcset=\"https:\/\/www.leaviita.com\/wp-content\/uploads\/2012\/04\/Naavaa6Yksityiskohta2-1024x768.jpg 1024w, https:\/\/www.leaviita.com\/wp-content\/uploads\/2012\/04\/Naavaa6Yksityiskohta2-300x225.jpg 300w\" sizes=\"auto, (max-width: 950px) 100vw, 950px\" \/><\/a>\n\t\t\t<\/dt>\n\t\t\t\t<dd class='wp-caption-text gallery-caption' id='gallery-1-2822'>\n\t\t\t\tNaavaa I \/Yksityiskohta\n\t\t\t\t<\/dd><\/dl><br style=\"clear: both\" \/><dl class='gallery-item'>\n\t\t\t<dt class='gallery-icon landscape'>\n\t\t\t\t<a href='https:\/\/www.leaviita.com\/?attachment_id=2912'><img loading=\"lazy\" decoding=\"async\" width=\"950\" height=\"580\" src=\"https:\/\/www.leaviita.com\/wp-content\/uploads\/2012\/05\/Er\u00e4maa7TunturialueP-1024x625.jpg\" class=\"attachment-large size-large\" alt=\"\" aria-describedby=\"gallery-1-2912\" srcset=\"https:\/\/www.leaviita.com\/wp-content\/uploads\/2012\/05\/Er\u00e4maa7TunturialueP-1024x625.jpg 1024w, https:\/\/www.leaviita.com\/wp-content\/uploads\/2012\/05\/Er\u00e4maa7TunturialueP-300x183.jpg 300w, https:\/\/www.leaviita.com\/wp-content\/uploads\/2012\/05\/Er\u00e4maa7TunturialueP.jpg 1284w\" sizes=\"auto, (max-width: 950px) 100vw, 950px\" \/><\/a>\n\t\t\t<\/dt>\n\t\t\t\t<dd class='wp-caption-text gallery-caption' id='gallery-1-2912'>\n\t\t\t\tEr\u00e4maa VII, 122 x 200 cm\n\t\t\t\t<\/dd><\/dl><br style=\"clear: both\" \/><dl class='gallery-item'>\n\t\t\t<dt class='gallery-icon landscape'>\n\t\t\t\t<a href='https:\/\/www.leaviita.com\/?attachment_id=2930'><img loading=\"lazy\" decoding=\"async\" width=\"816\" height=\"559\" src=\"https:\/\/www.leaviita.com\/wp-content\/uploads\/2012\/05\/Er\u00e4maa7yksityiskohtaP.jpg\" class=\"attachment-large size-large\" alt=\"\" aria-describedby=\"gallery-1-2930\" srcset=\"https:\/\/www.leaviita.com\/wp-content\/uploads\/2012\/05\/Er\u00e4maa7yksityiskohtaP.jpg 816w, https:\/\/www.leaviita.com\/wp-content\/uploads\/2012\/05\/Er\u00e4maa7yksityiskohtaP-300x205.jpg 300w\" sizes=\"auto, (max-width: 816px) 100vw, 816px\" \/><\/a>\n\t\t\t<\/dt>\n\t\t\t\t<dd class='wp-caption-text gallery-caption' id='gallery-1-2930'>\n\t\t\t\tEr\u00e4maa VII \/ yksityiskohta \n\t\t\t\t<\/dd><\/dl><br style=\"clear: both\" \/><dl class='gallery-item'>\n\t\t\t<dt class='gallery-icon landscape'>\n\t\t\t\t<a href='https:\/\/www.leaviita.com\/?attachment_id=2966'><img loading=\"lazy\" decoding=\"async\" width=\"950\" height=\"858\" src=\"https:\/\/www.leaviita.com\/wp-content\/uploads\/2012\/06\/ModerniEr\u00e4maa8-1024x925.jpg\" class=\"attachment-large size-large\" alt=\"\" aria-describedby=\"gallery-1-2966\" srcset=\"https:\/\/www.leaviita.com\/wp-content\/uploads\/2012\/06\/ModerniEr\u00e4maa8-1024x925.jpg 1024w, https:\/\/www.leaviita.com\/wp-content\/uploads\/2012\/06\/ModerniEr\u00e4maa8-300x271.jpg 300w\" sizes=\"auto, (max-width: 950px) 100vw, 950px\" \/><\/a>\n\t\t\t<\/dt>\n\t\t\t\t<dd class='wp-caption-text gallery-caption' id='gallery-1-2966'>\n\t\t\t\tEr\u00e4maa VIII, 3,5, x 135 x 155 cm, 11 kg, n\u00e4ht\u00e4v\u00e4n\u00e4 Kulttuuritalo Matin Mylly, Luusua, Kyl\u00e4seuran omistuksessa\n\t\t\t\t<\/dd><\/dl><br style=\"clear: both\" \/><dl class='gallery-item'>\n\t\t\t<dt class='gallery-icon landscape'>\n\t\t\t\t<a href='https:\/\/www.leaviita.com\/?attachment_id=2970'><img loading=\"lazy\" decoding=\"async\" width=\"640\" height=\"480\" src=\"https:\/\/www.leaviita.com\/wp-content\/uploads\/2012\/06\/Yksityiskohta4.jpg\" class=\"attachment-large size-large\" alt=\"\" aria-describedby=\"gallery-1-2970\" srcset=\"https:\/\/www.leaviita.com\/wp-content\/uploads\/2012\/06\/Yksityiskohta4.jpg 640w, https:\/\/www.leaviita.com\/wp-content\/uploads\/2012\/06\/Yksityiskohta4-300x225.jpg 300w\" sizes=\"auto, (max-width: 640px) 100vw, 640px\" \/><\/a>\n\t\t\t<\/dt>\n\t\t\t\t<dd class='wp-caption-text gallery-caption' id='gallery-1-2970'>\n\t\t\t\tEr\u00e4maa III \/ yksityiskohta\n\t\t\t\t<\/dd><\/dl><br style=\"clear: both\" \/><dl class='gallery-item'>\n\t\t\t<dt class='gallery-icon landscape'>\n\t\t\t\t<a href='https:\/\/www.leaviita.com\/?attachment_id=5718'><img loading=\"lazy\" decoding=\"async\" width=\"950\" height=\"723\" src=\"https:\/\/www.leaviita.com\/wp-content\/uploads\/2017\/01\/Er\u00e4maaIXP\u00e4lvi-1024x779.jpg\" class=\"attachment-large size-large\" alt=\"Er\u00e4maa IX &quot;P\u00e4lvi&quot;, 116 x 140 x 4 cm, 10 kg\" aria-describedby=\"gallery-1-5718\" srcset=\"https:\/\/www.leaviita.com\/wp-content\/uploads\/2017\/01\/Er\u00e4maaIXP\u00e4lvi-1024x779.jpg 1024w, https:\/\/www.leaviita.com\/wp-content\/uploads\/2017\/01\/Er\u00e4maaIXP\u00e4lvi-300x228.jpg 300w, https:\/\/www.leaviita.com\/wp-content\/uploads\/2017\/01\/Er\u00e4maaIXP\u00e4lvi-768x584.jpg 768w\" sizes=\"auto, (max-width: 950px) 100vw, 950px\" \/><\/a>\n\t\t\t<\/dt>\n\t\t\t\t<dd class='wp-caption-text gallery-caption' id='gallery-1-5718'>\n\t\t\t\tEr\u00e4maa IX &#8221;P\u00e4lvi&#8221; 116 x 140 x 4 cm\n\t\t\t\t<\/dd><\/dl><br style=\"clear: both\" \/><dl class='gallery-item'>\n\t\t\t<dt class='gallery-icon landscape'>\n\t\t\t\t<a href='https:\/\/www.leaviita.com\/?attachment_id=5721'><img loading=\"lazy\" decoding=\"async\" width=\"950\" height=\"536\" src=\"https:\/\/www.leaviita.com\/wp-content\/uploads\/2017\/01\/Familiar2-1024x578.jpg\" class=\"attachment-large size-large\" alt=\"\" aria-describedby=\"gallery-1-5721\" srcset=\"https:\/\/www.leaviita.com\/wp-content\/uploads\/2017\/01\/Familiar2-1024x578.jpg 1024w, https:\/\/www.leaviita.com\/wp-content\/uploads\/2017\/01\/Familiar2-300x169.jpg 300w, https:\/\/www.leaviita.com\/wp-content\/uploads\/2017\/01\/Familiar2-768x433.jpg 768w\" sizes=\"auto, (max-width: 950px) 100vw, 950px\" \/><\/a>\n\t\t\t<\/dt>\n\t\t\t\t<dd class='wp-caption-text gallery-caption' id='gallery-1-5721'>\n\t\t\t\tEr\u00e4maa IX\/ yksityiskohta\n\t\t\t\t<\/dd><\/dl><br style=\"clear: both\" \/><dl class='gallery-item'>\n\t\t\t<dt class='gallery-icon landscape'>\n\t\t\t\t<a href='https:\/\/www.leaviita.com\/?attachment_id=3233'><img loading=\"lazy\" decoding=\"async\" width=\"640\" height=\"480\" src=\"https:\/\/www.leaviita.com\/wp-content\/uploads\/2012\/10\/Er\u00e4maa10p.jpg\" class=\"attachment-large size-large\" alt=\"\" aria-describedby=\"gallery-1-3233\" srcset=\"https:\/\/www.leaviita.com\/wp-content\/uploads\/2012\/10\/Er\u00e4maa10p.jpg 640w, https:\/\/www.leaviita.com\/wp-content\/uploads\/2012\/10\/Er\u00e4maa10p-300x225.jpg 300w\" sizes=\"auto, (max-width: 640px) 100vw, 640px\" \/><\/a>\n\t\t\t<\/dt>\n\t\t\t\t<dd class='wp-caption-text gallery-caption' id='gallery-1-3233'>\n\t\t\t\tEr\u00e4maa X , 140 x 150 cm\n\t\t\t\t<\/dd><\/dl><br style=\"clear: both\" \/><dl class='gallery-item'>\n\t\t\t<dt class='gallery-icon landscape'>\n\t\t\t\t<a href='https:\/\/www.leaviita.com\/?attachment_id=3624'><img loading=\"lazy\" decoding=\"async\" width=\"950\" height=\"742\" src=\"https:\/\/www.leaviita.com\/wp-content\/uploads\/2013\/02\/ER\u00c4MAA-XII-1024x800.jpg\" class=\"attachment-large size-large\" alt=\"\" aria-describedby=\"gallery-1-3624\" srcset=\"https:\/\/www.leaviita.com\/wp-content\/uploads\/2013\/02\/ER\u00c4MAA-XII-1024x800.jpg 1024w, https:\/\/www.leaviita.com\/wp-content\/uploads\/2013\/02\/ER\u00c4MAA-XII-300x234.jpg 300w\" sizes=\"auto, (max-width: 950px) 100vw, 950px\" \/><\/a>\n\t\t\t<\/dt>\n\t\t\t\t<dd class='wp-caption-text gallery-caption' id='gallery-1-3624'>\n\t\t\t\tEr\u00e4maa XII, 130 x 140 cm\n\t\t\t\t<\/dd><\/dl><br style=\"clear: both\" \/><dl class='gallery-item'>\n\t\t\t<dt class='gallery-icon landscape'>\n\t\t\t\t<a href='https:\/\/www.leaviita.com\/?attachment_id=3623'><img loading=\"lazy\" decoding=\"async\" width=\"950\" height=\"713\" src=\"https:\/\/www.leaviita.com\/wp-content\/uploads\/2013\/02\/Er\u00e4maaXIIITalvi-1024x768.jpg\" class=\"attachment-large size-large\" alt=\"\" aria-describedby=\"gallery-1-3623\" srcset=\"https:\/\/www.leaviita.com\/wp-content\/uploads\/2013\/02\/Er\u00e4maaXIIITalvi-1024x768.jpg 1024w, https:\/\/www.leaviita.com\/wp-content\/uploads\/2013\/02\/Er\u00e4maaXIIITalvi-300x225.jpg 300w\" sizes=\"auto, (max-width: 950px) 100vw, 950px\" \/><\/a>\n\t\t\t<\/dt>\n\t\t\t\t<dd class='wp-caption-text gallery-caption' id='gallery-1-3623'>\n\t\t\t\tEr\u00e4r\u00e4maa XIII, 100 x 110 cm\n\t\t\t\t<\/dd><\/dl><br style=\"clear: both\" \/><dl class='gallery-item'>\n\t\t\t<dt class='gallery-icon landscape'>\n\t\t\t\t<a href='https:\/\/www.leaviita.com\/?attachment_id=5727'><img loading=\"lazy\" decoding=\"async\" width=\"950\" height=\"774\" src=\"https:\/\/www.leaviita.com\/wp-content\/uploads\/2017\/01\/Er\u00e4maa-XIIITalvi-1024x834.jpg\" class=\"attachment-large size-large\" alt=\"\" aria-describedby=\"gallery-1-5727\" srcset=\"https:\/\/www.leaviita.com\/wp-content\/uploads\/2017\/01\/Er\u00e4maa-XIIITalvi-1024x834.jpg 1024w, https:\/\/www.leaviita.com\/wp-content\/uploads\/2017\/01\/Er\u00e4maa-XIIITalvi-300x244.jpg 300w, https:\/\/www.leaviita.com\/wp-content\/uploads\/2017\/01\/Er\u00e4maa-XIIITalvi-768x625.jpg 768w\" sizes=\"auto, (max-width: 950px) 100vw, 950px\" \/><\/a>\n\t\t\t<\/dt>\n\t\t\t\t<dd class='wp-caption-text gallery-caption' id='gallery-1-5727'>\n\t\t\t\tEr\u00e4maa XIII &#8221;Syd\u00e4ntalvi&#8221;, 100 x 100 x 5 cm  (yksityisom.)\n\t\t\t\t<\/dd><\/dl><br style=\"clear: both\" \/><dl class='gallery-item'>\n\t\t\t<dt class='gallery-icon landscape'>\n\t\t\t\t<a href='https:\/\/www.leaviita.com\/?attachment_id=4655'><img loading=\"lazy\" decoding=\"async\" width=\"950\" height=\"712\" src=\"https:\/\/www.leaviita.com\/wp-content\/uploads\/2010\/10\/Er\u00e4maaNyt-034-1024x767.jpg\" class=\"attachment-large size-large\" alt=\"\" aria-describedby=\"gallery-1-4655\" srcset=\"https:\/\/www.leaviita.com\/wp-content\/uploads\/2010\/10\/Er\u00e4maaNyt-034-1024x767.jpg 1024w, https:\/\/www.leaviita.com\/wp-content\/uploads\/2010\/10\/Er\u00e4maaNyt-034-300x224.jpg 300w\" sizes=\"auto, (max-width: 950px) 100vw, 950px\" \/><\/a>\n\t\t\t<\/dt>\n\t\t\t\t<dd class='wp-caption-text gallery-caption' id='gallery-1-4655'>\n\t\t\t\tEr\u00e4maa VIII, yksityiskohta\n\t\t\t\t<\/dd><\/dl><br style=\"clear: both\" \/><dl class='gallery-item'>\n\t\t\t<dt class='gallery-icon portrait'>\n\t\t\t\t<a href='https:\/\/www.leaviita.com\/?attachment_id=4628'><img loading=\"lazy\" decoding=\"async\" width=\"831\" height=\"1024\" src=\"https:\/\/www.leaviita.com\/wp-content\/uploads\/2010\/10\/SingNaavaaI-831x1024.jpg\" class=\"attachment-large size-large\" alt=\"\" aria-describedby=\"gallery-1-4628\" srcset=\"https:\/\/www.leaviita.com\/wp-content\/uploads\/2010\/10\/SingNaavaaI-831x1024.jpg 831w, https:\/\/www.leaviita.com\/wp-content\/uploads\/2010\/10\/SingNaavaaI-243x300.jpg 243w, https:\/\/www.leaviita.com\/wp-content\/uploads\/2010\/10\/SingNaavaaI.jpg 1356w\" sizes=\"auto, (max-width: 831px) 100vw, 831px\" \/><\/a>\n\t\t\t<\/dt>\n\t\t\t\t<dd class='wp-caption-text gallery-caption' id='gallery-1-4628'>\n\t\t\t\tLean nimikirjoitus\n\t\t\t\t<\/dd><\/dl><br style=\"clear: both\" \/><dl class='gallery-item'>\n\t\t\t<dt class='gallery-icon portrait'>\n\t\t\t\t<a href='https:\/\/www.leaviita.com\/?attachment_id=2971'><img loading=\"lazy\" decoding=\"async\" width=\"360\" height=\"480\" src=\"https:\/\/www.leaviita.com\/wp-content\/uploads\/2012\/06\/Er\u00e4maa8jaLea.jpg\" class=\"attachment-large size-large\" alt=\"\" aria-describedby=\"gallery-1-2971\" srcset=\"https:\/\/www.leaviita.com\/wp-content\/uploads\/2012\/06\/Er\u00e4maa8jaLea.jpg 360w, https:\/\/www.leaviita.com\/wp-content\/uploads\/2012\/06\/Er\u00e4maa8jaLea-225x300.jpg 225w\" sizes=\"auto, (max-width: 360px) 100vw, 360px\" \/><\/a>\n\t\t\t<\/dt>\n\t\t\t\t<dd class='wp-caption-text gallery-caption' id='gallery-1-2971'>\n\t\t\t\tLea ja Er\u00e4maa VIII\n\t\t\t\t<\/dd><\/dl><br style=\"clear: both\" \/>\n\t\t<\/div>\n\r\n\t\t\t\t\t\t<\/div>\r\n\t\t\t\t\t\t\n\n","protected":false},"excerpt":{"rendered":"<p>2012 -2004 Moderni er\u00e4maa \/ Modern Brush of P\u00e9riph\u00e9rique (youtube-video) Buolevard P\u00e9riph\u00e9rique de Paris nro A86, keh\u00e4tie, jonka ymp\u00e4rist\u00f6ss\u00e4 seikkailimme vuonna 2004, mutta tuo ty\u00f6huoneen vieritse kulkeva tie nro 944 vie kaikkialle, sek\u00e4 pohjoiseen ett\u00e4 etel\u00e4\u00e4n. P\u00e9riph\u00e9rique Tie P\u00e9riph\u00e9rique tarkoittaa ranskan kielell\u00e4 keh\u00e4tiet\u00e4. Kuuluisin P\u00e9riph\u00e9rique on moottoritiem\u00e4inen keh\u00e4tie, joka kulkee Pariisin ymp\u00e4ri. Tien rakentaminen aloitettiin [&hellip;]<\/p>\n","protected":false},"author":2,"featured_media":0,"parent":4410,"menu_order":7,"comment_status":"closed","ping_status":"closed","template":"","meta":{"ngg_post_thumbnail":0,"footnotes":""},"class_list":["post-157","page","type-page","status-publish","hentry"],"_links":{"self":[{"href":"https:\/\/www.leaviita.com\/index.php?rest_route=\/wp\/v2\/pages\/157","targetHints":{"allow":["GET"]}}],"collection":[{"href":"https:\/\/www.leaviita.com\/index.php?rest_route=\/wp\/v2\/pages"}],"about":[{"href":"https:\/\/www.leaviita.com\/index.php?rest_route=\/wp\/v2\/types\/page"}],"author":[{"embeddable":true,"href":"https:\/\/www.leaviita.com\/index.php?rest_route=\/wp\/v2\/users\/2"}],"replies":[{"embeddable":true,"href":"https:\/\/www.leaviita.com\/index.php?rest_route=%2Fwp%2Fv2%2Fcomments&post=157"}],"version-history":[{"count":157,"href":"https:\/\/www.leaviita.com\/index.php?rest_route=\/wp\/v2\/pages\/157\/revisions"}],"predecessor-version":[{"id":7342,"href":"https:\/\/www.leaviita.com\/index.php?rest_route=\/wp\/v2\/pages\/157\/revisions\/7342"}],"up":[{"embeddable":true,"href":"https:\/\/www.leaviita.com\/index.php?rest_route=\/wp\/v2\/pages\/4410"}],"wp:attachment":[{"href":"https:\/\/www.leaviita.com\/index.php?rest_route=%2Fwp%2Fv2%2Fmedia&parent=157"}],"curies":[{"name":"wp","href":"https:\/\/api.w.org\/{rel}","templated":true}]}}