{"id":2,"date":"2010-10-02T08:00:57","date_gmt":"2010-10-02T08:00:57","guid":{"rendered":"http:\/\/www.leaviita.com\/?page_id=2"},"modified":"2022-05-30T15:50:24","modified_gmt":"2022-05-30T15:50:24","slug":"nayttelyt","status":"publish","type":"page","link":"https:\/\/www.leaviita.com\/?page_id=2","title":{"rendered":"CV \/ Exhibitions"},"content":{"rendered":"<h2 style=\"text-align: left;\"><span style=\"color: #3366ff;\"><strong>P R I V A T E &nbsp;&nbsp;E X H I B I T I O N S<\/strong><\/span><\/h2>\n<h2>2021&nbsp; Dec <strong>,&nbsp; <a href=\"https:\/\/www.leaviita.com\/wp-admin\/post.php?post=8155&amp;action=edit\">Santa&#8217;s Pop Up workshop,<\/a> Glasshouse Helsinki Aleksi,<br \/>\n00100 HELSINKI<\/strong><\/h2>\n<h2><strong>2019 May, Artist of May,&nbsp;<a href=\"https:\/\/www.sarestoniemimuseo.com\/\">The Reidar S\u00e4rest\u00f6niemi Art Museum<\/a>, Kittil\u00e4, FIN-Lapland&nbsp;, Artists&#8217; Association of Lapland<\/strong><\/h2>\n<h2><strong>2018 Jan, Artist of January &#8221;KERROKSELLISUUS&#8221;,&nbsp;&nbsp;<a href=\"http:\/\/www.korundi.fi\/eventscalendar\/Tammikuun-taiteilija-Lea-Viita\/gxra5bib\/7bdf0e2f-dc9e-4a1b-bded-7f3808db21b1\">Korundi House of Culture<\/a>, Rovaniemi, Artists&#8217; Association of Lapland<\/strong><\/h2>\n<h2 style=\"text-align: left;\"><strong>2016 Jan &#8211; Oct&nbsp;<a href=\"http:\/\/www.leaviita.com\/?page_id=5171\">&#8221;Living in Touch with Northern Nature&#8221;, Break Hotel Sokos<\/a>, Vuokatti<\/strong><\/h2>\n<h2><strong>2015 Jan &#8211; Dec 2014, \u201d<\/strong><strong>P\u00e9riph\u00e9rique NOW\u201d,<\/strong><strong><a href=\"http:\/\/www.leaviita.com\/?page_id=4802\"> Gallery Kellokas<\/a>, \u00c4k\u00e4slompolo<\/strong><\/h2>\n<h2><strong>2014, April, \u201cInTouch\u201d, Gallery V\u00e4rin\u00e4, Rovaniemi<\/strong><\/h2>\n<h2><strong>2013, April \u2013 May, \u201cRunoffs\u201d, Gallery V\u00e4rin\u00e4, Rovaniemi<\/strong><\/h2>\n<h2><strong>2012, Sep, \u201cBrush of the Modern P\u00e9riph\u00e9rique\u201d, UBI, Street Gallery, FIN-OULU<\/strong><\/h2>\n<h2><strong>2012, Summerexhibition, <a href=\"http:\/\/www.leaviita.com\/?page_id=3028\">Studio-Gallery Lea Viita<\/a>, FIN-LUUSUA<\/strong><\/h2>\n<h2><strong>2012, May, Magenta-wall, Lapponia, FIN-Kemij\u00e4rvi<\/strong><\/h2>\n<h2><strong>2012, Jan-Feb, <a href=\"https:\/\/www.leaviita.com\/?page_id=2317\">Gallery Fogga<\/a>, FIN-HELSINKI<\/strong><\/h2>\n<h2><strong>2011, Summer, Teno Er\u00e4kievari, Karigasniemi, FIN-Utsjoki<\/strong><\/h2>\n<h2><strong>&nbsp;<\/strong><strong>2010-2011, Dec-Jan, &nbsp;&nbsp;Kemij\u00e4rvi Cultural Centre, FIN-Lapland<\/strong><\/h2>\n<h2><strong>2010, June \u2013 Sep, Caf\u00e9-Restaurant Tuulenpes\u00e4 FIN-Suomu<\/strong><\/h2>\n<h2><strong>2010, April \u2013 Restaurant Hilpe\u00e4 Krouvi, FIN-Rovaniemi<\/strong><\/h2>\n<h2><strong>2009, April, Gallery Voima, FIN-Kemi<\/strong><\/h2>\n<h2><strong>2009, 28.01. &#8211; 15.02. Gallery Nun\u00e9s, FIN-Helsinki<\/strong><\/h2>\n<h2><strong>2008, April, Hotel Kemij\u00e4rvi, Kemij\u00e4rvi, FIN-Lapland<\/strong><\/h2>\n<h2><strong>2006, April, Restaurant Rosemary, FIN-Kuusamo<\/strong><\/h2>\n<h2><strong>2006, March,&nbsp;Kuusamo Hall, Kaamos Gallery, FIN-Kuusamo<\/strong><\/h2>\n<h2><strong>2005, Oct \u2013 Dec, National&nbsp;Park of Pyh\u00e4tunturi, Pelkosenniemi, FIN-Lapland<\/strong><\/h2>\n<h2><strong>2005, Aug \u2013 Dec, Scandic Hotel Luosto, Luosto, FIN-Lapland<\/strong><\/h2>\n<h2><strong>2003, Oct \u2013 Nov, Op Bank of Kemij\u00e4rvi, FIN-Lapland<\/strong><\/h2>\n<h2><strong>2003, June \u2013 July, Rovaniemi Art Museum, Lapponica Gallery, FIN-Lapland<\/strong><\/h2>\n<h2><strong>2003, April, The Reidar S\u00e4rest\u00f6niemi Art Museum, Kittil\u00e4, FIN-Lapland<\/strong><\/h2>\n<h2><strong>2002, Oct, Kemi Historical Museum, FIN-Lapland<\/strong><\/h2>\n<h2><strong>2000 &#8211; 2007, Levi Winecellar, FIN-Lapland<\/strong><\/h2>\n<h2><strong>1999 \u2013 2000,&nbsp;March \u2013 May, The Museum School of Suvanto, FIN-Lapland<\/strong><\/h2>\n<h2><strong>1999, Nov, Gallery Art Halvare, FIN-Oulu<\/strong><\/h2>\n<h2><strong>1997, Dec, Library of Kemij\u00e4rvi Cultural Centre, FIN-Lapland<\/strong><\/h2>\n<h2><strong>1996 &#8211; 1997, Dec \u2013 Feb, The Reidar S\u00e4rest\u00f6niemi Art Museum, Kittil\u00e4, FIN-Lapland<\/strong><\/h2>\n<h2><strong>1996, June, Gallery Art Halvare, FIN-Oulu<\/strong><\/h2>\n<h2><strong>1996, March, Kemij\u00e4rvi Cultural Centre, FIN-Lapland<\/strong><\/h2>\n<h2><strong>From 1994, <\/strong><strong><a href=\"http:\/\/www.leaviita.com\/\">Studio-Galley Lea Viita,<\/a><\/strong><strong> Luusua, FIN-Lapland<\/strong><\/h2>\n<h2><strong>1993, Dec, Kemij\u00e4rvi Cultural Centre, FIN-Lapland<\/strong><\/h2>\n<h2><strong>1993, June, Salla Reindeer Park, FIN-Lapland<\/strong><\/h2>\n<h2><strong>1993, March, Kemi Art Museum, Market Place Gallery, FIN-Lapland<\/strong><\/h2>\n<h2><strong>1992, Oct, Post Office Hall of Kemij\u00e4rvi, FIN-Lapland<\/strong><\/h2>\n<h2><strong>1992, March, Library of Kemij\u00e4rvi Cultural Centre, FIN-Lapland<\/strong><\/h2>\n<h2><em>&nbsp;<\/em><\/h2>\n<h2><span style=\"color: #0000ff;\"><strong>G R O U P &nbsp;&nbsp;&nbsp;E X H I B I T I O N S<\/strong><\/span><\/h2>\n<h2><strong>16.04. &#8211; 30.04.2019&nbsp; <a href=\"http:\/\/lapintaiteilijaseura.fi\/galleria-napa\/galleria-napa\/1256\">Lapin taiteilijaseuran<\/a> Kev\u00e4iset KUVATAIDEVIIKOT, Galleria Napa ja Mustanapa Rovaniemi, Tervetuloa!<\/strong><\/h2>\n<h2><strong>2018, 18.6. &#8211; 28.7. Sampo -shopping center &#8221;SAMPOTAIDE&#8221;<\/strong>,&nbsp;<strong>&nbsp;<a href=\"https:\/\/fi-fi.facebook.com\/lapintaiteilijaseura\/\">The Artists&#8217; &nbsp;Association of Lapland<\/a>, FIN-ROVANIEMI<\/strong><\/h2>\n<h2><strong>2018 June, Culture House Matin Mylly, Avoimet kyl\u00e4t -tapahtuma Luusuan kyl\u00e4, FIN-KEMIJ\u00c4RVI<\/strong><\/h2>\n<h2><strong>2018&nbsp; April 27. &#8211; 28. Taiteiden tori \/ Art Bazaar, Korundi House of Culture, Rovaniemi, Friends and Staff of Art Museum<\/strong><\/h2>\n<h2><strong>2017 August POP UP -EXHIBITION &#8221; 10 LAULUA NAISESTA&#8221;, Revontulilkeskus Rovaniemi, &nbsp;<a href=\"https:\/\/fi-fi.facebook.com\/lapintaiteilijaseura\/\">The Artists&#8217; &nbsp;Association of Lapland<\/a><\/strong><\/h2>\n<h2><strong>2016 July&nbsp;POP UP -EXHIBITION <a href=\"http:\/\/www.leaviita.com\/?page_id=5286\">&#8221;Hyv\u00e4\u00e4 ja kaunista&#8221; <\/a>FIN-Kemij\u00e4rvi<\/strong><\/h2>\n<h2><strong>2016 June &#8211; July, &#8221;Tulokkaat&#8221;, Gallery Kellokas,&nbsp;Artists<a href=\"https:\/\/www.facebook.com\/lapintaiteilijaseura\/\">&#8217; Association of Lapland<\/a>, FIN-A\u00e4k\u00e4slompolo<\/strong><\/h2>\n<h2><strong>2016 May, &#8221;TAKE AWAY&#8221;,<a href=\"http:\/\/www.leaviita.com\/?page_id=5195\"> Gallery Napa<\/a>,&nbsp;Artists&#8217; Association of Lapland, FIN Rovaniemi<\/strong><\/h2>\n<h2><strong>2016, May, &#8221;ALL IN VALSA&#8221;, Gallerly V\u00e4rin\u00e4, Valsa ry, FIN_Rovaniemi<\/strong><\/h2>\n<h2><strong>2014, Jan-March, Kalevala Mail Art Project, Juminkeko, FIN-Kuhmo<\/strong><\/h2>\n<h2><strong>2013 Feb, Rovaniemi Design Week \u201cArctic Lives\u201d \u2013boutique, Arktikum<\/strong><\/h2>\n<h2><strong>2012, 30.1. \u2013 19.2, Galleria Fogga, FIN-Helsinki<\/strong><\/h2>\n<h2><strong>2011, 25.1. \u2013 13.2., Group Exhibition, Gallery Ferin, FIN-Helsinki<\/strong><\/h2>\n<h2><strong>2008, 21. -23.11. The Aine Art Museum, FIN-Tornio<\/strong><\/h2>\n<h2><strong>2004 \u2013 2005, Summerexhibition Ars K\u00e4rs\u00e4m\u00e4ki, Finland<\/strong><\/h2>\n<h2><strong>2002, Jun \u2013 Aug, Gallery May, FIN-Helsinki<\/strong><\/h2>\n<h2><strong>1992 \u2013 2002, May, Kemij\u00e4rvi Cultural Centre, FIN-Lapland<\/strong><\/h2>\n<h2><strong>1994, Aug, Green Centre of Pello, FIN-Lapland<\/strong><\/h2>\n<h2><strong>1994, Aug, The Northern Forum of Women \u201994, Brinkkala Gallery, FIN-Turku<\/strong><\/h2>\n<h2><strong>1993, June \u2013 July, Ars Arctica, Rovaniemi Art Museum, Lapponica Hall, FIN-Lapland<\/strong><\/h2>\n<h2><strong>1992, Nov, Art Lapland, Museum Gallery Alariesto, Sodankyl\u00e4, FIN-Lapland<\/strong><\/h2>\n<h2><em>&nbsp;<\/em><\/h2>\n<h2><strong><span style=\"color: #0000ff;\">W E B &#8211; E X H I B I T I O N S<\/span><\/strong><\/h2>\n<h2>2017- <a href=\"https:\/\/taiko.fi\/artists\/leaviita\"><strong>Member<\/strong><\/a> of the <strong><a href=\"https:\/\/taiko.fi\/about\">International TAIKO Artists&#8217; Community<\/a><\/strong><\/h2>\n<h2><strong>2017 &#8211;<a href=\"https:\/\/shopvida.com\/collections\/lea-viita\"> Lea&#8217;s Collection for VIDA<\/a>, for<a href=\"https:\/\/shopvida.com\/pages\/our-story\">&nbsp;International Design Community<\/a><\/strong><\/h2>\n<h2><strong>2010 December Online exhibition <\/strong><strong>\u201cCharm of winter\u201d<\/strong><strong> on Amalia\u2019s pages:<\/strong><\/h2>\n<h2><strong>2009 \u2013 2011, Featured Artist \u2013 Vieraileva taitelija<\/strong><\/h2>\n<h2><strong>2010 summer, International online art exhibition, Gallery Amalia, FIN-Lemp\u00e4\u00e4l\u00e4<\/strong><\/h2>\n<h2><strong>2009 &#8211; , Online-exhibition, Gallery Amalia, FIN- Lemp\u00e4\u00e4l\u00e4<\/strong><\/h2>\n<h2><strong>&nbsp;<\/strong><strong>2009 &#8211; , <a href=\"http:\/\/www.leaviita.com\/\">Gallery Lea Viita<\/a>, Luusua, FIN-Lapland<\/strong><\/h2>\n<h2><strong>2007 &#8211; , Art Rom Gallery, ITALY <\/strong><\/h2>\n<h2><strong>2007 &#8211; 2008, Avisen Avk International Artgallery, DENMARK<\/strong><\/h2>\n<h2><em>&nbsp;<\/em><\/h2>\n<h2><span style=\"color: #3366ff;\"><strong>O T H E R&nbsp;&nbsp; A C H I E V E M E N T S<\/strong><\/span><\/h2>\n<h2><strong>&nbsp;<\/strong><strong>1971 &#8211; 1976, <a href=\"http:\/\/www.aalto.fi\/en\/\">Aalto University<\/a>, KTK, FIN-Helsinki&nbsp;<\/strong><\/h2>\n<h2><strong>1981 &#8211; 1982, University of Helsinki, Finland<\/strong><\/h2>\n<h2><strong>1976 &#8211; 2008 working as a teacher at school in Finnish Lapland<\/strong><\/h2>\n<h2><strong>1990 &#8211; 2000, studies in many types of art techniques<\/strong><\/h2>\n<h2><strong>From 1994 own Studio-Gallery in Luusua Village near Arctic Circle, FIN-Lapland<\/strong><\/h2>\n<h2><strong><em>&nbsp;&nbsp;&nbsp;&nbsp;&nbsp;&nbsp;&nbsp;&nbsp;&nbsp;&nbsp;&nbsp;&nbsp;&nbsp;&nbsp;&nbsp;&nbsp;&nbsp;&nbsp;&nbsp;&nbsp;&nbsp;&nbsp;&nbsp;&nbsp;&nbsp;&nbsp;&nbsp;&nbsp;&nbsp;&nbsp;&nbsp;&nbsp;&nbsp;&nbsp;&nbsp;&nbsp;&nbsp;&nbsp;&nbsp;&nbsp;&nbsp;&nbsp;&nbsp;&nbsp;&nbsp;&nbsp;&nbsp;&nbsp;&nbsp;&nbsp;&nbsp;&nbsp;&nbsp;&nbsp;&nbsp;&nbsp;&nbsp;&nbsp;&nbsp;&nbsp;&nbsp;&nbsp;&nbsp;&nbsp;&nbsp;&nbsp;&nbsp;&nbsp;&nbsp;&nbsp;&nbsp;&nbsp;&nbsp;&nbsp;&nbsp;&nbsp;&nbsp;&nbsp;&nbsp;&nbsp;&nbsp;&nbsp;&nbsp;&nbsp;&nbsp;&nbsp; &nbsp;<\/em><\/strong><\/h2>\n<h2 style=\"text-align: center;\"><strong>&nbsp;<\/strong><\/h2>\n<h2 style=\"text-align: center;\"><span style=\"color: #ff6600;\"><i>&nbsp;<\/i><\/span><\/h2>\n","protected":false},"excerpt":{"rendered":"<p>P R I V A T E &nbsp;&nbsp;E X H I B I T I O N S 2021&nbsp; Dec ,&nbsp; Santa&#8217;s Pop Up workshop, Glasshouse Helsinki Aleksi, 00100 HELSINKI 2019 May, Artist of May,&nbsp;The Reidar S\u00e4rest\u00f6niemi Art Museum, Kittil\u00e4, FIN-Lapland&nbsp;, Artists&#8217; Association of Lapland 2018 Jan, Artist of January &#8221;KERROKSELLISUUS&#8221;,&nbsp;&nbsp;Korundi House of Culture, Rovaniemi, [&hellip;]<\/p>\n","protected":false},"author":2,"featured_media":0,"parent":0,"menu_order":3,"comment_status":"open","ping_status":"open","template":"","meta":{"ngg_post_thumbnail":0,"footnotes":""},"class_list":["post-2","page","type-page","status-publish","hentry"],"_links":{"self":[{"href":"https:\/\/www.leaviita.com\/index.php?rest_route=\/wp\/v2\/pages\/2","targetHints":{"allow":["GET"]}}],"collection":[{"href":"https:\/\/www.leaviita.com\/index.php?rest_route=\/wp\/v2\/pages"}],"about":[{"href":"https:\/\/www.leaviita.com\/index.php?rest_route=\/wp\/v2\/types\/page"}],"author":[{"embeddable":true,"href":"https:\/\/www.leaviita.com\/index.php?rest_route=\/wp\/v2\/users\/2"}],"replies":[{"embeddable":true,"href":"https:\/\/www.leaviita.com\/index.php?rest_route=%2Fwp%2Fv2%2Fcomments&post=2"}],"version-history":[{"count":746,"href":"https:\/\/www.leaviita.com\/index.php?rest_route=\/wp\/v2\/pages\/2\/revisions"}],"predecessor-version":[{"id":8318,"href":"https:\/\/www.leaviita.com\/index.php?rest_route=\/wp\/v2\/pages\/2\/revisions\/8318"}],"wp:attachment":[{"href":"https:\/\/www.leaviita.com\/index.php?rest_route=%2Fwp%2Fv2%2Fmedia&parent=2"}],"curies":[{"name":"wp","href":"https:\/\/api.w.org\/{rel}","templated":true}]}}