{"id":2862,"date":"2012-05-11T12:56:03","date_gmt":"2012-05-11T12:56:03","guid":{"rendered":"http:\/\/www.leaviita.com\/?page_id=2862"},"modified":"2017-08-24T14:17:45","modified_gmt":"2017-08-24T14:17:45","slug":"magenta-hanke-kuukauden-taulu-6-5-3-6-2012","status":"publish","type":"page","link":"https:\/\/www.leaviita.com\/?page_id=2862","title":{"rendered":"Magenta-hanke \/ Kuukauden taulu 6.5. &#8211; 3.6.2012"},"content":{"rendered":"<h6 style=\"text-align: center;\">Kuukauden taidesein\u00e4-n\u00e4yttely<br \/>\nSairaala Lapponian<\/h6>\n\t<div class='gallery' id='gallery_1'>\r\n\t\t\t\t\t\t\t\n\t\t<style type=\"text\/css\">\n\t\t\t#gallery-1 {\n\t\t\t\tmargin: auto;\n\t\t\t}\n\t\t\t#gallery-1 .gallery-item {\n\t\t\t\tfloat: left;\n\t\t\t\tmargin-top: 10px;\n\t\t\t\ttext-align: center;\n\t\t\t\twidth: 33%;\n\t\t\t}\n\t\t\t#gallery-1 img {\n\t\t\t\tborder: 2px solid #cfcfcf;\n\t\t\t}\n\t\t\t#gallery-1 .gallery-caption {\n\t\t\t\tmargin-left: 0;\n\t\t\t}\n\t\t\t\/* see gallery_shortcode() in wp-includes\/media.php *\/\n\t\t<\/style>\n\t\t<div id='gallery-1' class='gallery galleryid-2862 gallery-columns-3 gallery-size-thumbnail'><dl class='gallery-item'>\n\t\t\t<dt class='gallery-icon portrait'>\n\t\t\t\t<a href='https:\/\/www.leaviita.com\/wp-content\/uploads\/2012\/05\/Kuukauden-taulu.jpg'><img loading=\"lazy\" decoding=\"async\" width=\"150\" height=\"150\" src=\"https:\/\/www.leaviita.com\/wp-content\/uploads\/2012\/05\/Kuukauden-taulu-150x150.jpg\" class=\"attachment-thumbnail size-thumbnail\" alt=\"Kuukauden taulu -n\u00e4yttely\" aria-describedby=\"gallery-1-2856\" \/><\/a>\n\t\t\t<\/dt>\n\t\t\t\t<dd class='wp-caption-text gallery-caption' id='gallery-1-2856'>\n\t\t\t\tUutta Kemij\u00e4rvell\u00e4, &#8221;Kuukauden taulu&#8221;\n\t\t\t\t<\/dd><\/dl><dl class='gallery-item'>\n\t\t\t<dt class='gallery-icon landscape'>\n\t\t\t\t<a href='https:\/\/www.leaviita.com\/wp-content\/uploads\/2012\/05\/Magenta-n\u00e4yttelyToukokuu.jpg'><img loading=\"lazy\" decoding=\"async\" width=\"150\" height=\"150\" src=\"https:\/\/www.leaviita.com\/wp-content\/uploads\/2012\/05\/Magenta-n\u00e4yttelyToukokuu-150x150.jpg\" class=\"attachment-thumbnail size-thumbnail\" alt=\"Magenta-n\u00e4yttely Toukokuu\" aria-describedby=\"gallery-1-2858\" \/><\/a>\n\t\t\t<\/dt>\n\t\t\t\t<dd class='wp-caption-text gallery-caption' id='gallery-1-2858'>\n\t\t\t\tKuukauden sein\u00e4 Lea Viita\n\t\t\t\t<\/dd><\/dl><dl class='gallery-item'>\n\t\t\t<dt class='gallery-icon landscape'>\n\t\t\t\t<a href='https:\/\/www.leaviita.com\/wp-content\/uploads\/2012\/05\/Er\u00e4maa-sarja2012Kev\u00e4tII.jpg'><img loading=\"lazy\" decoding=\"async\" width=\"150\" height=\"150\" src=\"https:\/\/www.leaviita.com\/wp-content\/uploads\/2012\/05\/Er\u00e4maa-sarja2012Kev\u00e4tII-150x150.jpg\" class=\"attachment-thumbnail size-thumbnail\" alt=\"Er\u00e4maa-sarja 2012 Kev\u00e4t I\" aria-describedby=\"gallery-1-2860\" \/><\/a>\n\t\t\t<\/dt>\n\t\t\t\t<dd class='wp-caption-text gallery-caption' id='gallery-1-2860'>\n\t\t\t\tKev\u00e4\u00e4ntulo, 87 x 117 cm\n\t\t\t\t<\/dd><\/dl><br style=\"clear: both\" \/><dl class='gallery-item'>\n\t\t\t<dt class='gallery-icon landscape'>\n\t\t\t\t<a href='https:\/\/www.leaviita.com\/wp-content\/uploads\/2012\/05\/Er\u00e4maa-sarja2012Kev\u00e4tI.jpg'><img loading=\"lazy\" decoding=\"async\" width=\"150\" height=\"150\" src=\"https:\/\/www.leaviita.com\/wp-content\/uploads\/2012\/05\/Er\u00e4maa-sarja2012Kev\u00e4tI-150x150.jpg\" class=\"attachment-thumbnail size-thumbnail\" alt=\"Er\u00e4maa-sarja 2012 Kev\u00e4t II\" aria-describedby=\"gallery-1-2861\" \/><\/a>\n\t\t\t<\/dt>\n\t\t\t\t<dd class='wp-caption-text gallery-caption' id='gallery-1-2861'>\n\t\t\t\tKev\u00e4\u00e4ntulo, 87 x 117 cm\n\t\t\t\t<\/dd><\/dl><dl class='gallery-item'>\n\t\t\t<dt class='gallery-icon portrait'>\n\t\t\t\t<a href='https:\/\/www.leaviita.com\/wp-content\/uploads\/2012\/05\/J\u00e4lki\u00e4Paperilla.jpg'><img loading=\"lazy\" decoding=\"async\" width=\"150\" height=\"150\" src=\"https:\/\/www.leaviita.com\/wp-content\/uploads\/2012\/05\/J\u00e4lki\u00e4Paperilla-150x150.jpg\" class=\"attachment-thumbnail size-thumbnail\" alt=\"J\u00e4lki\u00e4 Paperilla\" aria-describedby=\"gallery-1-2850\" \/><\/a>\n\t\t\t<\/dt>\n\t\t\t\t<dd class='wp-caption-text gallery-caption' id='gallery-1-2850'>\n\t\t\t\tJ\u00e4lki\u00e4 Paperilla 2012\n\t\t\t\t<\/dd><\/dl><dl class='gallery-item'>\n\t\t\t<dt class='gallery-icon portrait'>\n\t\t\t\t<a href='https:\/\/www.leaviita.com\/wp-content\/uploads\/2012\/05\/J\u00e4lki\u00e4Paperilla2012.jpg'><img loading=\"lazy\" decoding=\"async\" width=\"150\" height=\"150\" src=\"https:\/\/www.leaviita.com\/wp-content\/uploads\/2012\/05\/J\u00e4lki\u00e4Paperilla2012-150x150.jpg\" class=\"attachment-thumbnail size-thumbnail\" alt=\"J\u00e4lki\u00e4 Paperilla 2012\" aria-describedby=\"gallery-1-2859\" \/><\/a>\n\t\t\t<\/dt>\n\t\t\t\t<dd class='wp-caption-text gallery-caption' id='gallery-1-2859'>\n\t\t\t\tKev\u00e4isi\u00e4 j\u00e4lki\u00e4 2012\n\t\t\t\t<\/dd><\/dl><br style=\"clear: both\" \/>\n\t\t<\/div>\n\r\n\t\t\t\t\t\t<\/div>\r\n\t\t\t\t\t\t\n\n<p>&nbsp;<\/p>\n","protected":false},"excerpt":{"rendered":"<p>Kuukauden taidesein\u00e4-n\u00e4yttely Sairaala Lapponian &nbsp;<\/p>\n","protected":false},"author":2,"featured_media":0,"parent":2,"menu_order":7,"comment_status":"closed","ping_status":"open","template":"","meta":{"ngg_post_thumbnail":0,"footnotes":""},"class_list":["post-2862","page","type-page","status-publish","hentry"],"_links":{"self":[{"href":"https:\/\/www.leaviita.com\/index.php?rest_route=\/wp\/v2\/pages\/2862","targetHints":{"allow":["GET"]}}],"collection":[{"href":"https:\/\/www.leaviita.com\/index.php?rest_route=\/wp\/v2\/pages"}],"about":[{"href":"https:\/\/www.leaviita.com\/index.php?rest_route=\/wp\/v2\/types\/page"}],"author":[{"embeddable":true,"href":"https:\/\/www.leaviita.com\/index.php?rest_route=\/wp\/v2\/users\/2"}],"replies":[{"embeddable":true,"href":"https:\/\/www.leaviita.com\/index.php?rest_route=%2Fwp%2Fv2%2Fcomments&post=2862"}],"version-history":[{"count":31,"href":"https:\/\/www.leaviita.com\/index.php?rest_route=\/wp\/v2\/pages\/2862\/revisions"}],"predecessor-version":[{"id":6807,"href":"https:\/\/www.leaviita.com\/index.php?rest_route=\/wp\/v2\/pages\/2862\/revisions\/6807"}],"up":[{"embeddable":true,"href":"https:\/\/www.leaviita.com\/index.php?rest_route=\/wp\/v2\/pages\/2"}],"wp:attachment":[{"href":"https:\/\/www.leaviita.com\/index.php?rest_route=%2Fwp%2Fv2%2Fmedia&parent=2862"}],"curies":[{"name":"wp","href":"https:\/\/api.w.org\/{rel}","templated":true}]}}