{"id":3036,"date":"2012-08-06T16:42:31","date_gmt":"2012-08-06T16:42:31","guid":{"rendered":"http:\/\/www.leaviita.com\/?page_id=3036"},"modified":"2018-07-22T11:45:16","modified_gmt":"2018-07-22T11:45:16","slug":"kaleva-kulttuuri-menot-6-8-2012","status":"publish","type":"page","link":"https:\/\/www.leaviita.com\/?page_id=3036","title":{"rendered":"Kaleva \/ Kultturi \/ Menot 6.8.2012"},"content":{"rendered":"<p style=\"text-align: center;\"><a href=\"http:\/\/www.kaleva.fi\/menot\/tapahtuma\/lea-viita-moderni-eramaan-sivallus\/36637\/\"><img loading=\"lazy\" decoding=\"async\" class=\"aligncenter size-medium wp-image-3041\" title=\"JulistekuvaUBI\" src=\"http:\/\/www.leaviita.com\/wp-content\/uploads\/2012\/08\/JulistekuvaUBI-300x184.jpg\" alt=\"\" width=\"300\" height=\"184\" srcset=\"https:\/\/www.leaviita.com\/wp-content\/uploads\/2012\/08\/JulistekuvaUBI-300x184.jpg 300w, https:\/\/www.leaviita.com\/wp-content\/uploads\/2012\/08\/JulistekuvaUBI.jpg 927w\" sizes=\"auto, (max-width: 300px) 100vw, 300px\" \/><\/a><\/p>\n<p style=\"text-align: center;\" align=\"left\"><strong>Lea Viita on kemil\u00e4issyntyinen Kemij\u00e4rven Luusuassa asuva taiteilija<\/strong><\/p>\n<p style=\"text-align: center;\" align=\"left\"><strong><a href=\"https:\/\/www.youtube.com\/watch?v=3GksP-NFWXY\" target=\"_blank\" rel=\"noopener\">MODERNI ER\u00c4MAAN SIVALLUS \/ BRUSH OF THE MODERN PERIFERIQUE<\/a><\/strong><\/p>\n<p style=\"text-align: center;\" align=\"left\"><strong>1.8. \u2013 31.8.2012, KATUGALLERIA, UBI-N\u00c4YT\u00d6T, OULU<\/strong><\/p>\n<p style=\"text-align: center;\" align=\"left\"><strong>Er\u00e4maa on kuin taide<\/strong><br \/>\n<strong>komeaa ja nautinnollista katsottavaa<\/strong><br \/>\n<strong>yll\u00e4tyksi\u00e4 tarjoavaa<\/strong><br \/>\n<strong>houkuttelevan haastavaa<\/strong><br \/>\n<strong>pelottavaa jopa kauhistuttavaa, mutta opettavaa<br \/>\n<\/strong><strong>voimia, el\u00e4myksi\u00e4 ja ajatuksia antavaa<\/strong><br \/>\n<strong>yll\u00e4tt\u00e4v\u00e4n l\u00e4helt\u00e4kin l\u00f6ytyv\u00e4\u00e4<br \/>\n(n\u00e4yttelylle L. V. 2012)<\/strong><\/p>\n<p style=\"text-align: center;\" align=\"left\"><strong>MUUT LEHDET PIDETYIST\u00c4 N\u00c4YTTELYIST\u00c4 \u00a0 1992 &#8211; 2012<\/strong><\/p>\n<p style=\"text-align: center;\" align=\"left\">\u00a0 \u201dLea Viidan t\u00f6iss\u00e4 n\u00e4kyy tekemisen vakavuus ja kyky kehitt\u00e4\u00e4 itse\u00e4\u00e4n.\u201d (P. K. P-S, 1992)<\/p>\n<p style=\"text-align: center;\" align=\"left\">\u201dViita pyrkii teoksissaan eloisaan pintavaikutelmaan. Reidar S\u00e4rest\u00f6niemi lienee yksi esikuvista,<br \/>\nsill\u00e4 niin vahvasti Viidan maalauksissa on sek\u00e4 pintastruktuurin ett\u00e4 sommittelun tasolla viitteit\u00e4 h\u00e4nen t\u00f6ist\u00e4\u00e4n.\u201d<br \/>\n(M. N. Kaleva, 1999)<\/p>\n<p style=\"text-align: center;\" align=\"left\">&#8221;Lea Viidan maalaukset edustavat modernia Lapin luonnosta voimansa saavaa taidetta, jossa aistii kaksi voimakentt\u00e4\u00e4:<br \/>\nv\u00e4rit sek\u00e4 niit\u00e4 kannatteleva energinen liike.<br \/>\n(S. S. P-S, 1999)<\/p>\n<p style=\"text-align: center;\" align=\"left\">\u201dTietynlainen Reidarisi Lean t\u00f6iss\u00e4 on havaittavissa, eik\u00e4 h\u00e4n halua tuhertaa mit\u00e4\u00e4n pient\u00e4\u201d (Levi. NYT 2001)<\/p>\n<p style=\"text-align: center;\" align=\"left\">\u00a0 \u201dKaunista, mutta karua Lappia. Abstraktilta vaikuttavista t\u00f6ist\u00e4 l\u00f6yt\u00e4\u00e4 tarkkaan katselemalla asioita, jotka ovat kaikille tuttuja.\u201d<br \/>\n(H. S. P-S, 2002)<\/p>\n<p style=\"text-align: center;\" align=\"left\">\u00a0\u00a0 \u201dLea Viita on pohjoisen luonnon keskell\u00e4 asuvana kokenut sen t\u00e4rke\u00e4ksi taiteessaan.<br \/>\nH\u00e4n tehostaa pintavaikutelmaa v\u00e4riin sekoitetulla massalla. Teoksen nimi kiinnitt\u00e4\u00e4 aiheen luontoon.<br \/>\nV\u00e4rit antavat muistinvaraisen ja spontaanin kuvan kertoen senhetkisest\u00e4 vaistonvaraisesta maalaustapahtumasta.\u201d<br \/>\n(M-L. H. P-S, 2002)<\/p>\n<p style=\"text-align: center;\" align=\"left\">\u00a0\u201dTunnetta ja energiaa luonnosta. Spontaanin oloista v\u00e4riroiskintaa \u2013 maalia, \u00f6ljy\u00e4, pigmentti\u00e4,<br \/>\nnesteit\u00e4 ym. kerroksittain kankaalla. Ekspressiivisesti abstraktia ja vauhdikasta j\u00e4lke\u00e4.\u201d<br \/>\n(V. V. L-K, 2003)<\/p>\n<p style=\"text-align: center;\" align=\"left\">\u00a0 \u201dLuusuassa asuva ja siell\u00e4 kotigalleriaansa pit\u00e4v\u00e4 taiteilija on sis\u00e4ist\u00e4nyt roiskemaalauksen filosofian ja<br \/>\nharjaannuttanut siin\u00e4 itse\u00e4\u00e4n jo kahdeksan vuotta. Arvaamaton tekniikka vaatii huomattavaa keskittymist\u00e4.<br \/>\nUsein Viita on onnistunut.<br \/>\nHarhailevat kuviot maalausten pinnalla luikertelevat mukavasti taustastaan irrallisina<br \/>\nja katsojan mielikuvituksen tulkkina.\u201d<br \/>\n(R. K. 2009)<\/p>\n<p style=\"text-align: center;\" align=\"left\"><strong>MODERNI ER\u00c4MAA IV ja V<\/strong><\/p>\n<p style=\"text-align: center;\" align=\"left\">\u201dOn kuin katselisi kev\u00e4\u00e4n takkuista etenemist\u00e4. Lea Viita on Jackson Pollockin perinteen jatkaja.<br \/>\nH\u00e4nen kehitt\u00e4m\u00e4ns\u00e4 tekniikka luo sattumanvaraisuuden tuntua ja antaa katsojalle vapauden omiin assosiaatioihin.<br \/>\nTekotapa ei kuitenkaan ole hetken tapahtuma vaan prosessi, jossa on omat vaiheensa.<br \/>\nAivan kuten Pollock 1950-luvulla, Lea Viitakin rauhoittaa tapahtuman v\u00e4rien k\u00e4yt\u00f6ll\u00e4.<br \/>\nPaletti on rajattu ja luo melankolisen lumisateen j\u00e4lkeisen tunnelman.\u201d<br \/>\n(P. M-H. K-L 2012)<\/p>\n","protected":false},"excerpt":{"rendered":"<p>Lea Viita on kemil\u00e4issyntyinen Kemij\u00e4rven Luusuassa asuva taiteilija MODERNI ER\u00c4MAAN SIVALLUS \/ BRUSH OF THE MODERN PERIFERIQUE 1.8. \u2013 31.8.2012, KATUGALLERIA, UBI-N\u00c4YT\u00d6T, OULU Er\u00e4maa on kuin taide komeaa ja nautinnollista katsottavaa yll\u00e4tyksi\u00e4 tarjoavaa houkuttelevan haastavaa pelottavaa jopa kauhistuttavaa, mutta opettavaa voimia, el\u00e4myksi\u00e4 ja ajatuksia antavaa yll\u00e4tt\u00e4v\u00e4n l\u00e4helt\u00e4kin l\u00f6ytyv\u00e4\u00e4 (n\u00e4yttelylle L. V. 2012) MUUT LEHDET PIDETYIST\u00c4 [&hellip;]<\/p>\n","protected":false},"author":2,"featured_media":0,"parent":763,"menu_order":6,"comment_status":"closed","ping_status":"open","template":"","meta":{"ngg_post_thumbnail":0,"footnotes":""},"class_list":["post-3036","page","type-page","status-publish","hentry"],"_links":{"self":[{"href":"https:\/\/www.leaviita.com\/index.php?rest_route=\/wp\/v2\/pages\/3036","targetHints":{"allow":["GET"]}}],"collection":[{"href":"https:\/\/www.leaviita.com\/index.php?rest_route=\/wp\/v2\/pages"}],"about":[{"href":"https:\/\/www.leaviita.com\/index.php?rest_route=\/wp\/v2\/types\/page"}],"author":[{"embeddable":true,"href":"https:\/\/www.leaviita.com\/index.php?rest_route=\/wp\/v2\/users\/2"}],"replies":[{"embeddable":true,"href":"https:\/\/www.leaviita.com\/index.php?rest_route=%2Fwp%2Fv2%2Fcomments&post=3036"}],"version-history":[{"count":28,"href":"https:\/\/www.leaviita.com\/index.php?rest_route=\/wp\/v2\/pages\/3036\/revisions"}],"predecessor-version":[{"id":3061,"href":"https:\/\/www.leaviita.com\/index.php?rest_route=\/wp\/v2\/pages\/3036\/revisions\/3061"}],"up":[{"embeddable":true,"href":"https:\/\/www.leaviita.com\/index.php?rest_route=\/wp\/v2\/pages\/763"}],"wp:attachment":[{"href":"https:\/\/www.leaviita.com\/index.php?rest_route=%2Fwp%2Fv2%2Fmedia&parent=3036"}],"curies":[{"name":"wp","href":"https:\/\/api.w.org\/{rel}","templated":true}]}}