{"id":337,"date":"2010-11-04T10:59:38","date_gmt":"2010-11-04T10:59:38","guid":{"rendered":"http:\/\/www.leaviita.com\/"},"modified":"2016-11-26T15:51:18","modified_gmt":"2016-11-26T15:51:18","slug":"luu-ussukat","status":"publish","type":"page","link":"https:\/\/www.leaviita.com\/?page_id=337","title":{"rendered":"Ussukaiset \/ El\u00e4m\u00e4nkaari-kirja"},"content":{"rendered":"<h3 style=\"padding-left: 60px;\">Arctic Luu-ussukka characters \/ Who are we (in Finnish)<\/h3>\n\t<div class='gallery' id='gallery_1'>\r\n\t\t\t\t\t\t\t\n\t\t<style type=\"text\/css\">\n\t\t\t#gallery-1 {\n\t\t\t\tmargin: auto;\n\t\t\t}\n\t\t\t#gallery-1 .gallery-item {\n\t\t\t\tfloat: left;\n\t\t\t\tmargin-top: 10px;\n\t\t\t\ttext-align: center;\n\t\t\t\twidth: 50%;\n\t\t\t}\n\t\t\t#gallery-1 img {\n\t\t\t\tborder: 2px solid #cfcfcf;\n\t\t\t}\n\t\t\t#gallery-1 .gallery-caption {\n\t\t\t\tmargin-left: 0;\n\t\t\t}\n\t\t\t\/* see gallery_shortcode() in wp-includes\/media.php *\/\n\t\t<\/style>\n\t\t<div id='gallery-1' class='gallery galleryid-337 gallery-columns-2 gallery-size-thumbnail'><dl class='gallery-item'>\n\t\t\t<dt class='gallery-icon landscape'>\n\t\t\t\t<a href='https:\/\/www.leaviita.com\/wp-content\/uploads\/2012\/03\/Ussukkatarinass8-9.jpg'><img loading=\"lazy\" decoding=\"async\" width=\"150\" height=\"150\" src=\"https:\/\/www.leaviita.com\/wp-content\/uploads\/2012\/03\/Ussukkatarinass8-9-150x150.jpg\" class=\"attachment-thumbnail size-thumbnail\" alt=\"\" \/><\/a>\n\t\t\t<\/dt><\/dl><dl class='gallery-item'>\n\t\t\t<dt class='gallery-icon portrait'>\n\t\t\t\t<a href='https:\/\/www.leaviita.com\/wp-content\/uploads\/2012\/03\/Ussukkatarinas36.jpg'><img loading=\"lazy\" decoding=\"async\" width=\"150\" height=\"150\" src=\"https:\/\/www.leaviita.com\/wp-content\/uploads\/2012\/03\/Ussukkatarinas36-150x150.jpg\" class=\"attachment-thumbnail size-thumbnail\" alt=\"\" \/><\/a>\n\t\t\t<\/dt><\/dl><br style=\"clear: both\" \/>\n\t\t<\/div>\n\r\n\t\t\t\t\t\t<\/div>\r\n\t\t\t\t\t\t\n\n<h3 style=\"padding-left: 60px; text-align: center;\"><\/h3>\n<p style=\"padding-left: 60px; text-align: center;\"><strong>Ajatukseni askaroivat 90-luvulla usean vuoden ajan<\/strong><strong> poronluukeitosta poimimissani<br \/>\n<\/strong><strong>inhimillisen n\u00e4k\u00f6isiss\u00e4 sarvip\u00e4isiss\u00e4 hahmoissa.<\/strong><\/p>\n<p style=\"padding-left: 60px; text-align: center;\"><strong>LUU-USSUKKA nimityksen silloin my\u00f6s tussilla piirt\u00e4milleni hahmoille arvelen tulleen sanasta<br \/>\nussukka, jota k\u00e4ytimme lapsistamme ja inhimillisen n\u00e4k\u00f6isist\u00e4 poron niskaluista.<\/strong><\/p>\n<p style=\"padding-left: 60px; text-align: center;\"><strong>Pidin 90-luvulla useita taiden\u00e4yttelyit\u00e4, joissa aiheena olivat n\u00e4m\u00e4 poronluiset ussukat. <\/strong><\/p>\n<p style=\"padding-left: 60px; text-align: center;\"><strong>Esimekiksi Luu-ussukat olivat &#8221;V\u00e4reiss\u00e4 Oulussa\u201d.<br \/>\nReidar S\u00e4rest\u00f6niemen taidemuseossa aidot poronluut olivat mukana upotettuina massaan.<\/strong><\/p>\n<p style=\"padding-left: 60px; text-align: center;\"><strong>Lyhyit\u00e4 kommentteja ja tekstej\u00e4 olen lis\u00e4nnyt piirroksiini pikku hiljaa parinkymmenen vuoden ajan.<br \/>\nT\u00e4h\u00e4n kirjaseen olen koonnut muutamia piirroksia ja tekstej\u00e4 lastenlasteni luettavaksi.<br \/>\nAikuisetkin voivat el\u00e4\u00e4 hetken viisaiden ja telepaattisia kykyj\u00e4 omaavien poronluuhahmojeni parissa.<\/strong><\/p>\n<p style=\"padding-left: 60px; text-align: center;\"><strong>Luusuassa 18.5.2010<\/strong><\/p>\n<p style=\"padding-left: 60px; text-align: center;\"><strong><span style=\"color: #515151;\">\u00a9 kaikki oikeudet<\/span><\/strong><\/p>\n<p>&nbsp;<\/p>\n","protected":false},"excerpt":{"rendered":"<p>Arctic Luu-ussukka characters \/ Who are we (in Finnish) Ajatukseni askaroivat 90-luvulla usean vuoden ajan poronluukeitosta poimimissani inhimillisen n\u00e4k\u00f6isiss\u00e4 sarvip\u00e4isiss\u00e4 hahmoissa. LUU-USSUKKA nimityksen silloin my\u00f6s tussilla piirt\u00e4milleni hahmoille arvelen tulleen sanasta ussukka, jota k\u00e4ytimme lapsistamme ja inhimillisen n\u00e4k\u00f6isist\u00e4 poron niskaluista. Pidin 90-luvulla useita taiden\u00e4yttelyit\u00e4, joissa aiheena olivat n\u00e4m\u00e4 poronluiset ussukat. Esimekiksi Luu-ussukat olivat &#8221;V\u00e4reiss\u00e4 Oulussa\u201d. [&hellip;]<\/p>\n","protected":false},"author":2,"featured_media":0,"parent":304,"menu_order":5,"comment_status":"closed","ping_status":"open","template":"full-width-page.php","meta":{"ngg_post_thumbnail":0,"footnotes":""},"class_list":["post-337","page","type-page","status-publish","hentry"],"_links":{"self":[{"href":"https:\/\/www.leaviita.com\/index.php?rest_route=\/wp\/v2\/pages\/337","targetHints":{"allow":["GET"]}}],"collection":[{"href":"https:\/\/www.leaviita.com\/index.php?rest_route=\/wp\/v2\/pages"}],"about":[{"href":"https:\/\/www.leaviita.com\/index.php?rest_route=\/wp\/v2\/types\/page"}],"author":[{"embeddable":true,"href":"https:\/\/www.leaviita.com\/index.php?rest_route=\/wp\/v2\/users\/2"}],"replies":[{"embeddable":true,"href":"https:\/\/www.leaviita.com\/index.php?rest_route=%2Fwp%2Fv2%2Fcomments&post=337"}],"version-history":[{"count":102,"href":"https:\/\/www.leaviita.com\/index.php?rest_route=\/wp\/v2\/pages\/337\/revisions"}],"predecessor-version":[{"id":339,"href":"https:\/\/www.leaviita.com\/index.php?rest_route=\/wp\/v2\/pages\/337\/revisions\/339"}],"up":[{"embeddable":true,"href":"https:\/\/www.leaviita.com\/index.php?rest_route=\/wp\/v2\/pages\/304"}],"wp:attachment":[{"href":"https:\/\/www.leaviita.com\/index.php?rest_route=%2Fwp%2Fv2%2Fmedia&parent=337"}],"curies":[{"name":"wp","href":"https:\/\/api.w.org\/{rel}","templated":true}]}}