{"id":3439,"date":"2013-01-20T11:04:42","date_gmt":"2013-01-20T11:04:42","guid":{"rendered":"http:\/\/www.leaviita.com\/?page_id=3439"},"modified":"2018-07-22T11:43:24","modified_gmt":"2018-07-22T11:43:24","slug":"pitajalehti-koilliskaira-2000-luvulla","status":"publish","type":"page","link":"https:\/\/www.leaviita.com\/?page_id=3439","title":{"rendered":"Uusi Rovaniemi 26.04.2013 ja Lappilainen vko 14\/2014"},"content":{"rendered":"<h3 style=\"text-align: center;\"><a href=\"http:\/\/www.leaviita.com\/wp-content\/uploads\/2013\/05\/Uusirovanimeini27.4.2013.jpg\"><img loading=\"lazy\" decoding=\"async\" class=\" wp-image-3711 aligncenter\" title=\"Lea Viita ensimm\u00e4inen taiteilija uudessa Galleria V\u00e4rin\u00e4ss\u00e4 2013\" src=\"http:\/\/www.leaviita.com\/wp-content\/uploads\/2013\/05\/Uusirovanimeini27.4.2013-300x156.jpg\" alt=\"Galleria V\u00e4rin\u00e4n vieraileva taiteilija\" width=\"300\" height=\"156\" srcset=\"https:\/\/www.leaviita.com\/wp-content\/uploads\/2013\/05\/Uusirovanimeini27.4.2013-300x156.jpg 300w, https:\/\/www.leaviita.com\/wp-content\/uploads\/2013\/05\/Uusirovanimeini27.4.2013.jpg 951w\" sizes=\"auto, (max-width: 300px) 100vw, 300px\" \/><\/a><\/h3>\n<h3 style=\"text-align: center;\"><a href=\"http:\/\/www.leaviita.com\/wp-content\/uploads\/2014\/04\/LappilainenMenot.jpg\"><img loading=\"lazy\" decoding=\"async\" title=\"Kosketuksessa Lea Viita, Galleria V\u00e4rin\u00e4 2014\" src=\"http:\/\/www.leaviita.com\/wp-content\/uploads\/2014\/04\/LappilainenMenot-300x99.jpg\" alt=\"LappilainenMenot\" width=\"300\" height=\"99\" \/><\/a><\/h3>\n","protected":false},"excerpt":{"rendered":"","protected":false},"author":2,"featured_media":0,"parent":763,"menu_order":3,"comment_status":"closed","ping_status":"open","template":"","meta":{"ngg_post_thumbnail":0,"footnotes":""},"class_list":["post-3439","page","type-page","status-publish","hentry"],"_links":{"self":[{"href":"https:\/\/www.leaviita.com\/index.php?rest_route=\/wp\/v2\/pages\/3439","targetHints":{"allow":["GET"]}}],"collection":[{"href":"https:\/\/www.leaviita.com\/index.php?rest_route=\/wp\/v2\/pages"}],"about":[{"href":"https:\/\/www.leaviita.com\/index.php?rest_route=\/wp\/v2\/types\/page"}],"author":[{"embeddable":true,"href":"https:\/\/www.leaviita.com\/index.php?rest_route=\/wp\/v2\/users\/2"}],"replies":[{"embeddable":true,"href":"https:\/\/www.leaviita.com\/index.php?rest_route=%2Fwp%2Fv2%2Fcomments&post=3439"}],"version-history":[{"count":24,"href":"https:\/\/www.leaviita.com\/index.php?rest_route=\/wp\/v2\/pages\/3439\/revisions"}],"predecessor-version":[{"id":3441,"href":"https:\/\/www.leaviita.com\/index.php?rest_route=\/wp\/v2\/pages\/3439\/revisions\/3441"}],"up":[{"embeddable":true,"href":"https:\/\/www.leaviita.com\/index.php?rest_route=\/wp\/v2\/pages\/763"}],"wp:attachment":[{"href":"https:\/\/www.leaviita.com\/index.php?rest_route=%2Fwp%2Fv2%2Fmedia&parent=3439"}],"curies":[{"name":"wp","href":"https:\/\/api.w.org\/{rel}","templated":true}]}}