{"id":5286,"date":"2016-07-12T10:08:35","date_gmt":"2016-07-12T10:08:35","guid":{"rendered":"http:\/\/www.leaviita.com\/?page_id=5286"},"modified":"2017-08-24T14:19:58","modified_gmt":"2017-08-24T14:19:58","slug":"pop-up-hyvaa-ja-kaunista-useita-naytteilleasettajia-kemijarvi-1-7-17-7-2106","status":"publish","type":"page","link":"https:\/\/www.leaviita.com\/?page_id=5286","title":{"rendered":"POP UP &#8221;Hyv\u00e4\u00e4 ja kaunista&#8221;, useita n\u00e4ytteilleasettajia, Kemij\u00e4rvi 1.7. &#8211; 17.7.2016"},"content":{"rendered":"\t<div class='gallery' id='gallery_1'>\r\n\t\t\t\t\t\t\t\n\t\t<style type=\"text\/css\">\n\t\t\t#gallery-1 {\n\t\t\t\tmargin: auto;\n\t\t\t}\n\t\t\t#gallery-1 .gallery-item {\n\t\t\t\tfloat: left;\n\t\t\t\tmargin-top: 10px;\n\t\t\t\ttext-align: center;\n\t\t\t\twidth: 50%;\n\t\t\t}\n\t\t\t#gallery-1 img {\n\t\t\t\tborder: 2px solid #cfcfcf;\n\t\t\t}\n\t\t\t#gallery-1 .gallery-caption {\n\t\t\t\tmargin-left: 0;\n\t\t\t}\n\t\t\t\/* see gallery_shortcode() in wp-includes\/media.php *\/\n\t\t<\/style>\n\t\t<div id='gallery-1' class='gallery galleryid-5286 gallery-columns-2 gallery-size-thumbnail'><dl class='gallery-item'>\n\t\t\t<dt class='gallery-icon landscape'>\n\t\t\t\t<a href='https:\/\/www.leaviita.com\/wp-content\/uploads\/2016\/07\/1PopUpKemij\u00e4rvi20161.jpg'><img loading=\"lazy\" decoding=\"async\" width=\"150\" height=\"150\" src=\"https:\/\/www.leaviita.com\/wp-content\/uploads\/2016\/07\/1PopUpKemij\u00e4rvi20161-150x150.jpg\" class=\"attachment-thumbnail size-thumbnail\" alt=\"\" aria-describedby=\"gallery-1-5295\" \/><\/a>\n\t\t\t<\/dt>\n\t\t\t\t<dd class='wp-caption-text gallery-caption' id='gallery-1-5295'>\n\t\t\t\tSceap Art IV, 4 x 110 x 113 cm\n\t\t\t\t<\/dd><\/dl><dl class='gallery-item'>\n\t\t\t<dt class='gallery-icon portrait'>\n\t\t\t\t<a href='https:\/\/www.leaviita.com\/wp-content\/uploads\/2016\/07\/4PopUpKemij\u00e4rvi2106-2.jpg'><img loading=\"lazy\" decoding=\"async\" width=\"150\" height=\"150\" src=\"https:\/\/www.leaviita.com\/wp-content\/uploads\/2016\/07\/4PopUpKemij\u00e4rvi2106-2-150x150.jpg\" class=\"attachment-thumbnail size-thumbnail\" alt=\"\" aria-describedby=\"gallery-1-5294\" \/><\/a>\n\t\t\t<\/dt>\n\t\t\t\t<dd class='wp-caption-text gallery-caption' id='gallery-1-5294'>\n\t\t\t\tAkryyli Maalaus sarjasta Lappi 2000\n\t\t\t\t<\/dd><\/dl><br style=\"clear: both\" \/><dl class='gallery-item'>\n\t\t\t<dt class='gallery-icon landscape'>\n\t\t\t\t<a href='https:\/\/www.leaviita.com\/wp-content\/uploads\/2016\/07\/Lea-Viita-PopUpKemij\u00e4rvi-hein\u00e4kuu2016.jpg'><img loading=\"lazy\" decoding=\"async\" width=\"150\" height=\"150\" src=\"https:\/\/www.leaviita.com\/wp-content\/uploads\/2016\/07\/Lea-Viita-PopUpKemij\u00e4rvi-hein\u00e4kuu2016-150x150.jpg\" class=\"attachment-thumbnail size-thumbnail\" alt=\"\" aria-describedby=\"gallery-1-5293\" \/><\/a>\n\t\t\t<\/dt>\n\t\t\t\t<dd class='wp-caption-text gallery-caption' id='gallery-1-5293'>\n\t\t\t\tMaalaus sarjasta Marja-aikaan\n\t\t\t\t<\/dd><\/dl><dl class='gallery-item'>\n\t\t\t<dt class='gallery-icon landscape'>\n\t\t\t\t<a href='https:\/\/www.leaviita.com\/wp-content\/uploads\/2016\/07\/Pop-Up-n\u00e4yttely-kes\u00e4-2016.jpg'><img loading=\"lazy\" decoding=\"async\" width=\"150\" height=\"150\" src=\"https:\/\/www.leaviita.com\/wp-content\/uploads\/2016\/07\/Pop-Up-n\u00e4yttely-kes\u00e4-2016-150x150.jpg\" class=\"attachment-thumbnail size-thumbnail\" alt=\"\" aria-describedby=\"gallery-1-5318\" \/><\/a>\n\t\t\t<\/dt>\n\t\t\t\t<dd class='wp-caption-text gallery-caption' id='gallery-1-5318'>\n\t\t\t\tEtualalla Helvi Juuj\u00e4rven tuotteita\n\t\t\t\t<\/dd><\/dl><br style=\"clear: both\" \/>\n\t\t<\/div>\n\r\n\t\t\t\t\t\t<\/div>\r\n\t\t\t\t\t\t\n\n","protected":false},"excerpt":{"rendered":"","protected":false},"author":2,"featured_media":0,"parent":2,"menu_order":5,"comment_status":"closed","ping_status":"open","template":"","meta":{"ngg_post_thumbnail":0,"footnotes":""},"class_list":["post-5286","page","type-page","status-publish","hentry"],"_links":{"self":[{"href":"https:\/\/www.leaviita.com\/index.php?rest_route=\/wp\/v2\/pages\/5286","targetHints":{"allow":["GET"]}}],"collection":[{"href":"https:\/\/www.leaviita.com\/index.php?rest_route=\/wp\/v2\/pages"}],"about":[{"href":"https:\/\/www.leaviita.com\/index.php?rest_route=\/wp\/v2\/types\/page"}],"author":[{"embeddable":true,"href":"https:\/\/www.leaviita.com\/index.php?rest_route=\/wp\/v2\/users\/2"}],"replies":[{"embeddable":true,"href":"https:\/\/www.leaviita.com\/index.php?rest_route=%2Fwp%2Fv2%2Fcomments&post=5286"}],"version-history":[{"count":17,"href":"https:\/\/www.leaviita.com\/index.php?rest_route=\/wp\/v2\/pages\/5286\/revisions"}],"predecessor-version":[{"id":5308,"href":"https:\/\/www.leaviita.com\/index.php?rest_route=\/wp\/v2\/pages\/5286\/revisions\/5308"}],"up":[{"embeddable":true,"href":"https:\/\/www.leaviita.com\/index.php?rest_route=\/wp\/v2\/pages\/2"}],"wp:attachment":[{"href":"https:\/\/www.leaviita.com\/index.php?rest_route=%2Fwp%2Fv2%2Fmedia&parent=5286"}],"curies":[{"name":"wp","href":"https:\/\/api.w.org\/{rel}","templated":true}]}}