{"id":5381,"date":"2016-11-25T09:06:00","date_gmt":"2016-11-25T09:06:00","guid":{"rendered":"http:\/\/www.leaviita.com\/?page_id=5381"},"modified":"2017-08-05T16:59:42","modified_gmt":"2017-08-05T16:59:42","slug":"pohjoisessa-asustava-perhe-keskikesan-auringossa","status":"publish","type":"page","link":"https:\/\/www.leaviita.com\/?page_id=5381","title":{"rendered":"Pohjoisessa asustava perhe keskikes\u00e4n auringossa"},"content":{"rendered":"<p><a href=\"http:\/\/www.leaviita.com\/?attachment_id=5986\" rel=\"attachment wp-att-5986\"><img loading=\"lazy\" decoding=\"async\" class=\"aligncenter size-medium wp-image-5986\" src=\"http:\/\/www.leaviita.com\/wp-content\/uploads\/2017\/03\/MoominOfLapland2-2-300x187.jpg\" alt=\"\" width=\"300\" height=\"187\" srcset=\"https:\/\/www.leaviita.com\/wp-content\/uploads\/2017\/03\/MoominOfLapland2-2-300x187.jpg 300w, https:\/\/www.leaviita.com\/wp-content\/uploads\/2017\/03\/MoominOfLapland2-2.jpg 379w\" sizes=\"auto, (max-width: 300px) 100vw, 300px\" \/><\/a><\/p>\n\t<div class='gallery' id='gallery_1'>\r\n\t\t\t\t\t\t\t\n\t\t<style type=\"text\/css\">\n\t\t\t#gallery-1 {\n\t\t\t\tmargin: auto;\n\t\t\t}\n\t\t\t#gallery-1 .gallery-item {\n\t\t\t\tfloat: left;\n\t\t\t\tmargin-top: 10px;\n\t\t\t\ttext-align: center;\n\t\t\t\twidth: 100%;\n\t\t\t}\n\t\t\t#gallery-1 img {\n\t\t\t\tborder: 2px solid #cfcfcf;\n\t\t\t}\n\t\t\t#gallery-1 .gallery-caption {\n\t\t\t\tmargin-left: 0;\n\t\t\t}\n\t\t\t\/* see gallery_shortcode() in wp-includes\/media.php *\/\n\t\t<\/style>\n\t\t<div id='gallery-1' class='gallery galleryid-5381 gallery-columns-1 gallery-size-large'><dl class='gallery-item'>\n\t\t\t<dt class='gallery-icon landscape'>\n\t\t\t\t<a href='https:\/\/www.leaviita.com\/?attachment_id=6667'><img loading=\"lazy\" decoding=\"async\" width=\"950\" height=\"660\" src=\"https:\/\/www.leaviita.com\/wp-content\/uploads\/2016\/11\/2-arctic-family-girl-and-boy-Valmis-1.0-1024x711.jpg\" class=\"attachment-large size-large\" alt=\"\" aria-describedby=\"gallery-1-6667\" srcset=\"https:\/\/www.leaviita.com\/wp-content\/uploads\/2016\/11\/2-arctic-family-girl-and-boy-Valmis-1.0-1024x711.jpg 1024w, https:\/\/www.leaviita.com\/wp-content\/uploads\/2016\/11\/2-arctic-family-girl-and-boy-Valmis-1.0-300x208.jpg 300w, https:\/\/www.leaviita.com\/wp-content\/uploads\/2016\/11\/2-arctic-family-girl-and-boy-Valmis-1.0-768x533.jpg 768w\" sizes=\"auto, (max-width: 950px) 100vw, 950px\" \/><\/a>\n\t\t\t<\/dt>\n\t\t\t\t<dd class='wp-caption-text gallery-caption' id='gallery-1-6667'>\n\t\t\t\tTytt\u00f6 ja poika\n\t\t\t\t<\/dd><\/dl><br style=\"clear: both\" \/><dl class='gallery-item'>\n\t\t\t<dt class='gallery-icon landscape'>\n\t\t\t\t<a href='https:\/\/www.leaviita.com\/?attachment_id=6674'><img loading=\"lazy\" decoding=\"async\" width=\"950\" height=\"823\" src=\"https:\/\/www.leaviita.com\/wp-content\/uploads\/2016\/11\/5-arctic-family-youngster-Valmis-1.0-1-1024x887.jpg\" class=\"attachment-large size-large\" alt=\"\" aria-describedby=\"gallery-1-6674\" srcset=\"https:\/\/www.leaviita.com\/wp-content\/uploads\/2016\/11\/5-arctic-family-youngster-Valmis-1.0-1-1024x887.jpg 1024w, https:\/\/www.leaviita.com\/wp-content\/uploads\/2016\/11\/5-arctic-family-youngster-Valmis-1.0-1-300x260.jpg 300w, https:\/\/www.leaviita.com\/wp-content\/uploads\/2016\/11\/5-arctic-family-youngster-Valmis-1.0-1-768x665.jpg 768w\" sizes=\"auto, (max-width: 950px) 100vw, 950px\" \/><\/a>\n\t\t\t<\/dt>\n\t\t\t\t<dd class='wp-caption-text gallery-caption' id='gallery-1-6674'>\n\t\t\t\tPoika\n\t\t\t\t<\/dd><\/dl><br style=\"clear: both\" \/><dl class='gallery-item'>\n\t\t\t<dt class='gallery-icon landscape'>\n\t\t\t\t<a href='https:\/\/www.leaviita.com\/?attachment_id=6678'><img loading=\"lazy\" decoding=\"async\" width=\"950\" height=\"851\" src=\"https:\/\/www.leaviita.com\/wp-content\/uploads\/2016\/11\/4-arctic-family-finnish-maiden-Valmis-1.0-1024x917.jpg\" class=\"attachment-large size-large\" alt=\"\" aria-describedby=\"gallery-1-6678\" srcset=\"https:\/\/www.leaviita.com\/wp-content\/uploads\/2016\/11\/4-arctic-family-finnish-maiden-Valmis-1.0-1024x917.jpg 1024w, https:\/\/www.leaviita.com\/wp-content\/uploads\/2016\/11\/4-arctic-family-finnish-maiden-Valmis-1.0-300x269.jpg 300w, https:\/\/www.leaviita.com\/wp-content\/uploads\/2016\/11\/4-arctic-family-finnish-maiden-Valmis-1.0-768x688.jpg 768w\" sizes=\"auto, (max-width: 950px) 100vw, 950px\" \/><\/a>\n\t\t\t<\/dt>\n\t\t\t\t<dd class='wp-caption-text gallery-caption' id='gallery-1-6678'>\n\t\t\t\tTytt\u00f6\n\t\t\t\t<\/dd><\/dl><br style=\"clear: both\" \/><dl class='gallery-item'>\n\t\t\t<dt class='gallery-icon landscape'>\n\t\t\t\t<a href='https:\/\/www.leaviita.com\/?attachment_id=6680'><img loading=\"lazy\" decoding=\"async\" width=\"950\" height=\"536\" src=\"https:\/\/www.leaviita.com\/wp-content\/uploads\/2016\/11\/3-arctic-family-skater-Vamis-1.0-1024x578.jpg\" class=\"attachment-large size-large\" alt=\"\" aria-describedby=\"gallery-1-6680\" srcset=\"https:\/\/www.leaviita.com\/wp-content\/uploads\/2016\/11\/3-arctic-family-skater-Vamis-1.0-1024x578.jpg 1024w, https:\/\/www.leaviita.com\/wp-content\/uploads\/2016\/11\/3-arctic-family-skater-Vamis-1.0-300x169.jpg 300w, https:\/\/www.leaviita.com\/wp-content\/uploads\/2016\/11\/3-arctic-family-skater-Vamis-1.0-768x433.jpg 768w\" sizes=\"auto, (max-width: 950px) 100vw, 950px\" \/><\/a>\n\t\t\t<\/dt>\n\t\t\t\t<dd class='wp-caption-text gallery-caption' id='gallery-1-6680'>\n\t\t\t\tKaveri\n\t\t\t\t<\/dd><\/dl><br style=\"clear: both\" \/><dl class='gallery-item'>\n\t\t\t<dt class='gallery-icon portrait'>\n\t\t\t\t<a href='https:\/\/www.leaviita.com\/?attachment_id=6682'><img loading=\"lazy\" decoding=\"async\" width=\"949\" height=\"1024\" src=\"https:\/\/www.leaviita.com\/wp-content\/uploads\/2016\/11\/7-arctic-familly-sun-worshipers-Valmis-1.0-949x1024.jpg\" class=\"attachment-large size-large\" alt=\"\" aria-describedby=\"gallery-1-6682\" srcset=\"https:\/\/www.leaviita.com\/wp-content\/uploads\/2016\/11\/7-arctic-familly-sun-worshipers-Valmis-1.0-949x1024.jpg 949w, https:\/\/www.leaviita.com\/wp-content\/uploads\/2016\/11\/7-arctic-familly-sun-worshipers-Valmis-1.0-278x300.jpg 278w, https:\/\/www.leaviita.com\/wp-content\/uploads\/2016\/11\/7-arctic-familly-sun-worshipers-Valmis-1.0-768x828.jpg 768w\" sizes=\"auto, (max-width: 949px) 100vw, 949px\" \/><\/a>\n\t\t\t<\/dt>\n\t\t\t\t<dd class='wp-caption-text gallery-caption' id='gallery-1-6682'>\n\t\t\t\tKeskikes\u00e4ll\u00e4\n\t\t\t\t<\/dd><\/dl><br style=\"clear: both\" \/><dl class='gallery-item'>\n\t\t\t<dt class='gallery-icon landscape'>\n\t\t\t\t<a href='https:\/\/www.leaviita.com\/?attachment_id=6685'><img loading=\"lazy\" decoding=\"async\" width=\"950\" height=\"751\" src=\"https:\/\/www.leaviita.com\/wp-content\/uploads\/2016\/11\/6-arctic-family-space-adventurers-Valmis-1.0-1024x809.jpg\" class=\"attachment-large size-large\" alt=\"\" aria-describedby=\"gallery-1-6685\" srcset=\"https:\/\/www.leaviita.com\/wp-content\/uploads\/2016\/11\/6-arctic-family-space-adventurers-Valmis-1.0-1024x809.jpg 1024w, https:\/\/www.leaviita.com\/wp-content\/uploads\/2016\/11\/6-arctic-family-space-adventurers-Valmis-1.0-300x237.jpg 300w, https:\/\/www.leaviita.com\/wp-content\/uploads\/2016\/11\/6-arctic-family-space-adventurers-Valmis-1.0-768x606.jpg 768w\" sizes=\"auto, (max-width: 950px) 100vw, 950px\" \/><\/a>\n\t\t\t<\/dt>\n\t\t\t\t<dd class='wp-caption-text gallery-caption' id='gallery-1-6685'>\n\t\t\t\tJuhannuksena\n\t\t\t\t<\/dd><\/dl><br style=\"clear: both\" \/><dl class='gallery-item'>\n\t\t\t<dt class='gallery-icon landscape'>\n\t\t\t\t<a href='https:\/\/www.leaviita.com\/?attachment_id=6687'><img loading=\"lazy\" decoding=\"async\" width=\"950\" height=\"758\" src=\"https:\/\/www.leaviita.com\/wp-content\/uploads\/2016\/11\/8-arctic-family-couple-Valmis-1.0-1024x817.jpg\" class=\"attachment-large size-large\" alt=\"\" aria-describedby=\"gallery-1-6687\" srcset=\"https:\/\/www.leaviita.com\/wp-content\/uploads\/2016\/11\/8-arctic-family-couple-Valmis-1.0-1024x817.jpg 1024w, https:\/\/www.leaviita.com\/wp-content\/uploads\/2016\/11\/8-arctic-family-couple-Valmis-1.0-300x239.jpg 300w, https:\/\/www.leaviita.com\/wp-content\/uploads\/2016\/11\/8-arctic-family-couple-Valmis-1.0-768x613.jpg 768w\" sizes=\"auto, (max-width: 950px) 100vw, 950px\" \/><\/a>\n\t\t\t<\/dt>\n\t\t\t\t<dd class='wp-caption-text gallery-caption' id='gallery-1-6687'>\n\t\t\t\tPariskunta\n\t\t\t\t<\/dd><\/dl><br style=\"clear: both\" \/><dl class='gallery-item'>\n\t\t\t<dt class='gallery-icon landscape'>\n\t\t\t\t<a href='https:\/\/www.leaviita.com\/?attachment_id=6690'><img loading=\"lazy\" decoding=\"async\" width=\"950\" height=\"751\" src=\"https:\/\/www.leaviita.com\/wp-content\/uploads\/2016\/11\/9-arctic-family-mama-and-papa-Valmis-1.0-1024x809.jpg\" class=\"attachment-large size-large\" alt=\"\" aria-describedby=\"gallery-1-6690\" srcset=\"https:\/\/www.leaviita.com\/wp-content\/uploads\/2016\/11\/9-arctic-family-mama-and-papa-Valmis-1.0-1024x809.jpg 1024w, https:\/\/www.leaviita.com\/wp-content\/uploads\/2016\/11\/9-arctic-family-mama-and-papa-Valmis-1.0-300x237.jpg 300w, https:\/\/www.leaviita.com\/wp-content\/uploads\/2016\/11\/9-arctic-family-mama-and-papa-Valmis-1.0-768x606.jpg 768w\" sizes=\"auto, (max-width: 950px) 100vw, 950px\" \/><\/a>\n\t\t\t<\/dt>\n\t\t\t\t<dd class='wp-caption-text gallery-caption' id='gallery-1-6690'>\n\t\t\t\tMamma ja Pappa\n\t\t\t\t<\/dd><\/dl><br style=\"clear: both\" \/><dl class='gallery-item'>\n\t\t\t<dt class='gallery-icon landscape'>\n\t\t\t\t<a href='https:\/\/www.leaviita.com\/?attachment_id=6659'><img loading=\"lazy\" decoding=\"async\" width=\"950\" height=\"628\" src=\"https:\/\/www.leaviita.com\/wp-content\/uploads\/2012\/10\/1-arctic-famillly-mama-Valmis-1.0-1-1024x677.jpg\" class=\"attachment-large size-large\" alt=\"\" aria-describedby=\"gallery-1-6659\" srcset=\"https:\/\/www.leaviita.com\/wp-content\/uploads\/2012\/10\/1-arctic-famillly-mama-Valmis-1.0-1-1024x677.jpg 1024w, https:\/\/www.leaviita.com\/wp-content\/uploads\/2012\/10\/1-arctic-famillly-mama-Valmis-1.0-1-300x198.jpg 300w, https:\/\/www.leaviita.com\/wp-content\/uploads\/2012\/10\/1-arctic-famillly-mama-Valmis-1.0-1-768x507.jpg 768w\" sizes=\"auto, (max-width: 950px) 100vw, 950px\" \/><\/a>\n\t\t\t<\/dt>\n\t\t\t\t<dd class='wp-caption-text gallery-caption' id='gallery-1-6659'>\n\t\t\t\tMamma\n\t\t\t\t<\/dd><\/dl><br style=\"clear: both\" \/><dl class='gallery-item'>\n\t\t\t<dt class='gallery-icon portrait'>\n\t\t\t\t<a href='https:\/\/www.leaviita.com\/?attachment_id=5573'><img loading=\"lazy\" decoding=\"async\" width=\"432\" height=\"570\" src=\"https:\/\/www.leaviita.com\/wp-content\/uploads\/2012\/10\/7LUMILAUTAILIJA2.jpg\" class=\"attachment-large size-large\" alt=\"\" aria-describedby=\"gallery-1-5573\" srcset=\"https:\/\/www.leaviita.com\/wp-content\/uploads\/2012\/10\/7LUMILAUTAILIJA2.jpg 432w, https:\/\/www.leaviita.com\/wp-content\/uploads\/2012\/10\/7LUMILAUTAILIJA2-227x300.jpg 227w\" sizes=\"auto, (max-width: 432px) 100vw, 432px\" \/><\/a>\n\t\t\t<\/dt>\n\t\t\t\t<dd class='wp-caption-text gallery-caption' id='gallery-1-5573'>\n\t\t\t\tLumilautailija perheineen nautiskelee pohjoisesta keskiy\u00f6n auringosta\n\t\t\t\t<\/dd><\/dl><br style=\"clear: both\" \/>\n\t\t<\/div>\n\r\n\t\t\t\t\t\t<\/div>\r\n\t\t\t\t\t\t\n\n<h4><\/h4>\n<h4>Nyt aurinko paistaa koko ajan<\/h4>\n<h4>el\u00e4mme keskell\u00e4 ei mit\u00e4\u00e4n<\/h4>\n<h4>mutta silti meill\u00e4 on koko maailma<\/h4>\n","protected":false},"excerpt":{"rendered":"<p>Nyt aurinko paistaa koko ajan el\u00e4mme keskell\u00e4 ei mit\u00e4\u00e4n mutta silti meill\u00e4 on koko maailma<\/p>\n","protected":false},"author":2,"featured_media":0,"parent":304,"menu_order":3,"comment_status":"closed","ping_status":"open","template":"","meta":{"ngg_post_thumbnail":0,"footnotes":""},"class_list":["post-5381","page","type-page","status-publish","hentry"],"_links":{"self":[{"href":"https:\/\/www.leaviita.com\/index.php?rest_route=\/wp\/v2\/pages\/5381","targetHints":{"allow":["GET"]}}],"collection":[{"href":"https:\/\/www.leaviita.com\/index.php?rest_route=\/wp\/v2\/pages"}],"about":[{"href":"https:\/\/www.leaviita.com\/index.php?rest_route=\/wp\/v2\/types\/page"}],"author":[{"embeddable":true,"href":"https:\/\/www.leaviita.com\/index.php?rest_route=\/wp\/v2\/users\/2"}],"replies":[{"embeddable":true,"href":"https:\/\/www.leaviita.com\/index.php?rest_route=%2Fwp%2Fv2%2Fcomments&post=5381"}],"version-history":[{"count":53,"href":"https:\/\/www.leaviita.com\/index.php?rest_route=\/wp\/v2\/pages\/5381\/revisions"}],"predecessor-version":[{"id":6715,"href":"https:\/\/www.leaviita.com\/index.php?rest_route=\/wp\/v2\/pages\/5381\/revisions\/6715"}],"up":[{"embeddable":true,"href":"https:\/\/www.leaviita.com\/index.php?rest_route=\/wp\/v2\/pages\/304"}],"wp:attachment":[{"href":"https:\/\/www.leaviita.com\/index.php?rest_route=%2Fwp%2Fv2%2Fmedia&parent=5381"}],"curies":[{"name":"wp","href":"https:\/\/api.w.org\/{rel}","templated":true}]}}