{"id":5770,"date":"2017-02-21T14:46:47","date_gmt":"2017-02-21T14:46:47","guid":{"rendered":"http:\/\/www.leaviita.com\/?page_id=5770"},"modified":"2017-07-24T09:01:55","modified_gmt":"2017-07-24T09:01:55","slug":"lean-suomi-100-juhlasivu-2017","status":"publish","type":"page","link":"https:\/\/www.leaviita.com\/?page_id=5770","title":{"rendered":"Lean Suomi 100  juhlasivu 2017"},"content":{"rendered":"<h3 style=\"text-align: center; padding-left: 30px;\">Suomi-neito ja Arktinen perhe 100 vuotta <span style=\"color: #0000ff;\"><a style=\"color: #0000ff;\" href=\"http:\/\/www.leaviita.com\/?page_id=304\">KAAMOKSESSA<\/a><\/span><\/h3>\n<h3 style=\"text-align: center;\">ja <span style=\"color: #0000ff;\"><a style=\"color: #0000ff;\" href=\"http:\/\/www.leaviita.com\/?page_id=5381\">KESKIKES\u00c4N AURINGOSSA<\/a><\/span>\u00a0ja mets\u00e4ss\u00e4 ja vaikka miss\u00e4&#8230;<\/h3>\n<p><a href=\"http:\/\/www.leaviita.com\/?attachment_id=5973\" rel=\"attachment wp-att-5973\"><img loading=\"lazy\" decoding=\"async\" class=\"size-medium wp-image-5973 aligncenter\" src=\"http:\/\/www.leaviita.com\/wp-content\/uploads\/2010\/11\/MoominOfLapland-300x89.jpg\" alt=\"\" width=\"300\" height=\"89\" \/><\/a><\/p>\n<p><a href=\"http:\/\/www.leaviita.com\/?page_id=5381\" rel=\"attachment wp-att-6523\"><img loading=\"lazy\" decoding=\"async\" class=\"aligncenter wp-image-6523\" title=\"Suomineito 100 ja koko perhe\" src=\"http:\/\/www.leaviita.com\/wp-content\/uploads\/2017\/02\/10-227x300.png\" alt=\"\" width=\"392\" height=\"518\" srcset=\"https:\/\/www.leaviita.com\/wp-content\/uploads\/2017\/02\/10-227x300.png 227w, https:\/\/www.leaviita.com\/wp-content\/uploads\/2017\/02\/10.png 235w\" sizes=\"auto, (max-width: 392px) 100vw, 392px\" \/><\/a><\/p>\n<p style=\"text-align: center;\"><a href=\"http:\/\/www.leaviita.com\/?attachment_id=2616\"><img loading=\"lazy\" decoding=\"async\" class=\"alignnone\" src=\"http:\/\/www.leaviita.com\/wp-content\/uploads\/2017\/01\/Suomineito100-2.jpg\" width=\"168\" height=\"73\" \/><\/a><\/p>\n<h5 style=\"text-align: center;\">Aiheesta kuultua:<br \/>\n<strong>&#8221;Monesti on tosi K\u00c4DET\u00d6N OLO maailman menoa seuratessa&#8221;<\/strong><br \/>\n<strong>&#8221; IHMISEN SIELU ON TORSOSSA&#8221;<\/strong><br \/>\n<strong>&#8221;Arjessa ja luonnossa, etenkin mets\u00e4ss\u00e4, on hyv\u00e4 olla&#8221;<\/strong><\/h5>\n<p style=\"text-align: center;\"><a href=\"https:\/\/shopvida.com\/collections\/lea-viita\/products\/suomi-100-suomineito\" rel=\"attachment wp-att-6475\"><img loading=\"lazy\" decoding=\"async\" class=\"aligncenter wp-image-6475 size-medium\" title=\"Ihana Lean Suomi-neito hahmo nyt pikkukassissa\" src=\"http:\/\/www.leaviita.com\/wp-content\/uploads\/2017\/02\/Suomi-neito-pikkulaukku-3-260x300.jpg\" alt=\"\" width=\"260\" height=\"300\" srcset=\"https:\/\/www.leaviita.com\/wp-content\/uploads\/2017\/02\/Suomi-neito-pikkulaukku-3-260x300.jpg 260w, https:\/\/www.leaviita.com\/wp-content\/uploads\/2017\/02\/Suomi-neito-pikkulaukku-3.jpg 427w\" sizes=\"auto, (max-width: 260px) 100vw, 260px\" \/><\/a><\/p>\n<p style=\"text-align: center;\"><a href=\"https:\/\/shopvida.com\/collections\/lea-viita\" rel=\"attachment wp-att-6471\"><img loading=\"lazy\" decoding=\"async\" class=\"aligncenter wp-image-6471 size-medium\" title=\"Lean ihanat Suomi 100 -hamot nyt pikkukasseissa\" src=\"http:\/\/www.leaviita.com\/wp-content\/uploads\/2012\/10\/Suomi-100-Kokoelma-300x124.jpg\" alt=\"\" width=\"300\" height=\"124\" srcset=\"https:\/\/www.leaviita.com\/wp-content\/uploads\/2012\/10\/Suomi-100-Kokoelma-300x124.jpg 300w, https:\/\/www.leaviita.com\/wp-content\/uploads\/2012\/10\/Suomi-100-Kokoelma-768x316.jpg 768w, https:\/\/www.leaviita.com\/wp-content\/uploads\/2012\/10\/Suomi-100-Kokoelma-1024x422.jpg 1024w, https:\/\/www.leaviita.com\/wp-content\/uploads\/2012\/10\/Suomi-100-Kokoelma.jpg 1610w\" sizes=\"auto, (max-width: 300px) 100vw, 300px\" \/><\/a><\/p>\n<p style=\"text-align: center;\"><strong><span style=\"color: #ff0000;\">LEAN SUOMI 100 PIKKUPUSSUKAT VIDA-verkkokaupasta<br \/>\n<\/span><\/strong><em><span style=\"color: #ff0000;\">Hox: Vida-ostoksiesi avulla tuet maailmanlaajuista<\/span><span style=\"color: #ff0000;\"><br \/>\ntehtaiden ty\u00f6ntekij\u00f6iden opetu- ja edunvalvontaty\u00f6t\u00e4<\/span><\/em><\/p>\n<div id=\"attachment_5532\" style=\"width: 614px\" class=\"wp-caption aligncenter\"><img loading=\"lazy\" decoding=\"async\" aria-describedby=\"caption-attachment-5532\" class=\"wp-image-5532 size-large\" src=\"http:\/\/www.leaviita.com\/wp-content\/uploads\/2016\/11\/TANSSI2-800x1024.jpg\" alt=\"\" width=\"604\" height=\"773\" \/><p id=\"caption-attachment-5532\" class=\"wp-caption-text\">Lento \/ Flight<\/p><\/div>\n<p style=\"text-align: center;\"><strong>\u00a0 \u00a0 \u00a0 \u00a0 \u00a0 \u00a0 \u00a0 \u00a0 \u00a0 \u00a0 \u00a0 \u00a0 \u00a0 \u00a0 \u00a0 \u00a0 \u00a0 \u00a0 \u00a0 \u00a0T h an k \u00a0 \u00a0Y o u \u00a0<\/strong><\/p>\n","protected":false},"excerpt":{"rendered":"<p>Suomi-neito ja Arktinen perhe 100 vuotta KAAMOKSESSA ja KESKIKES\u00c4N AURINGOSSA\u00a0ja mets\u00e4ss\u00e4 ja vaikka miss\u00e4&#8230; Aiheesta kuultua: &#8221;Monesti on tosi K\u00c4DET\u00d6N OLO maailman menoa seuratessa&#8221; &#8221; IHMISEN SIELU ON TORSOSSA&#8221; &#8221;Arjessa ja luonnossa, etenkin mets\u00e4ss\u00e4, on hyv\u00e4 olla&#8221; LEAN SUOMI 100 PIKKUPUSSUKAT VIDA-verkkokaupasta Hox: Vida-ostoksiesi avulla tuet maailmanlaajuista tehtaiden ty\u00f6ntekij\u00f6iden opetu- ja edunvalvontaty\u00f6t\u00e4 \u00a0 \u00a0 \u00a0 [&hellip;]<\/p>\n","protected":false},"author":2,"featured_media":0,"parent":304,"menu_order":0,"comment_status":"closed","ping_status":"closed","template":"","meta":{"ngg_post_thumbnail":0,"footnotes":""},"class_list":["post-5770","page","type-page","status-publish","hentry"],"_links":{"self":[{"href":"https:\/\/www.leaviita.com\/index.php?rest_route=\/wp\/v2\/pages\/5770","targetHints":{"allow":["GET"]}}],"collection":[{"href":"https:\/\/www.leaviita.com\/index.php?rest_route=\/wp\/v2\/pages"}],"about":[{"href":"https:\/\/www.leaviita.com\/index.php?rest_route=\/wp\/v2\/types\/page"}],"author":[{"embeddable":true,"href":"https:\/\/www.leaviita.com\/index.php?rest_route=\/wp\/v2\/users\/2"}],"replies":[{"embeddable":true,"href":"https:\/\/www.leaviita.com\/index.php?rest_route=%2Fwp%2Fv2%2Fcomments&post=5770"}],"version-history":[{"count":57,"href":"https:\/\/www.leaviita.com\/index.php?rest_route=\/wp\/v2\/pages\/5770\/revisions"}],"predecessor-version":[{"id":6657,"href":"https:\/\/www.leaviita.com\/index.php?rest_route=\/wp\/v2\/pages\/5770\/revisions\/6657"}],"up":[{"embeddable":true,"href":"https:\/\/www.leaviita.com\/index.php?rest_route=\/wp\/v2\/pages\/304"}],"wp:attachment":[{"href":"https:\/\/www.leaviita.com\/index.php?rest_route=%2Fwp%2Fv2%2Fmedia&parent=5770"}],"curies":[{"name":"wp","href":"https:\/\/api.w.org\/{rel}","templated":true}]}}