{"id":591,"date":"2010-11-29T13:12:25","date_gmt":"2010-11-29T13:12:25","guid":{"rendered":"http:\/\/www.leaviita.com\/"},"modified":"2014-03-30T14:29:49","modified_gmt":"2014-03-30T14:29:49","slug":"591-2","status":"publish","type":"page","link":"https:\/\/www.leaviita.com\/?page_id=591","title":{"rendered":"Haastattelu"},"content":{"rendered":"<p style=\"padding-left: 60px;\">ROIHU-LEHTI, &#8221;TAITEILIJAEL\u00c4M\u00c4\u00c4&#8221;, kulttuuri-sivu, lokakuu 2006<\/p>\n<p style=\"padding-left: 60px;\"><strong>Haastateltavana lappilainen kuvataiteilija Lea Viita<\/strong><\/p>\n<p style=\"padding-left: 120px;\"><strong><span style=\"color: #ff6600;\"><img loading=\"lazy\" decoding=\"async\" class=\"alignleft\" style=\"width: 145px; height: 213px;\" title=\"Roihulogo by Lea Viita\" alt=\"Roihulogo by Lea Viita\" src=\"http:\/\/www.leaviita.com\/wp-content\/uploads\/2010\/11\/KeltainenRoihulogo-203x300.jpg\" width=\"130\" height=\"192\" \/>Mit\u00e4 haluat kertoa itsest\u00e4si?<\/span><\/strong><\/p>\n<p style=\"padding-left: 90px;\"><em>Paljonkin olisi kerrottavaa, mutta nimest\u00e4ni sen, ett\u00e4 Lea Viita on oma nimeni \u2013 siis tytt\u00f6nimeni. <\/em><em>Kun kirjoitan sen, muistan, mist\u00e4 tulen \u2013 \u00e4idin (Aili Astrid o.s. Stolt), is\u00e4n (Wilhelm Allan\u00a0Wiita)\u00a0ja kodin, joka oli Kemiss\u00e4 sek\u00e4 lapsuuteni, nuoruuteni ja kouluajat Tipulassa. Siell\u00e4 taideasiat tulivat minulle t\u00e4rkeiksi ja tutuiksi.<\/em><\/p>\n<p style=\"padding-left: 90px;\"><em>Olen suuren perheen ty\u00f6ss\u00e4k\u00e4yv\u00e4 \u00e4iti. Se on sopinut minulle hyvin, koska olen sellainen rauhaton sielu. Minulla on hyv\u00e4 ty\u00f6tila Luusuan kyl\u00e4ss\u00e4 ja melkoinen kokoelma = galleria omia taululujani.<\/em><\/p>\n<p style=\"padding-left: 120px;\"><strong><span style=\"color: #ff6600;\"><br \/>\n<\/span><\/strong><\/p>\n<p style=\"padding-left: 120px;\"><strong><span style=\"color: #ff6600;\">Mik\u00e4 olet koulutukseltasi?<\/span><\/strong><\/p>\n<p style=\"padding-left: 240px;\"><em> Valmistuin Helsingin Kauppakorkeakoulusta 70-luvulla ekonomiksi<\/em><em>ja\u00a0p\u00e4tev\u00f6idyin yliopistossa sen j\u00e4lkeen opettajaksi.<\/em><\/p>\n<p style=\"padding-left: 120px;\"><strong><span style=\"color: #ff6600;\">Mik\u00e4 on taidelajisi?<\/span><\/strong><\/p>\n<p style=\"padding-left: 240px;\"><em>Maalaan nykyisin p\u00e4\u00e4asiassa akryyliv\u00e4reill\u00e4 kankaalle.<\/em><\/p>\n<p style=\"padding-left: 120px;\"><strong><span style=\"color: #ff6600;\">Koska ja miten aloitit?<\/span><\/strong><\/p>\n<p style=\"padding-left: 120px;\"><em><img loading=\"lazy\" decoding=\"async\" class=\"alignleft\" style=\"width: 136px; height: 249px;\" title=\"Lehden standyn kylkikuvio by Lea\" alt=\"Kylkikuvio\" src=\"http:\/\/www.leaviita.com\/wp-content\/uploads\/2010\/11\/Kylkikuvio1-161x300.jpg\" width=\"129\" height=\"240\" \/>Aloitin aktiivisen taiteenteon 90-luvulla, kun lapset kasvoivat suuriksi. Aluksi maalasin akvarelleja ja piirtelin tusseilla makuuhuoneen s\u00e4ngyll\u00e4 ja keitti\u00f6ss\u00e4. Opettelin mm. garborundum-tekniikan kansalaisopistossa ja se olikin kovasti mieleeni, mutta j\u00e4i sitten, koska se olisi vaatinut erikoisv\u00e4lineiden hankkimista.<\/em><\/p>\n<p style=\"padding-left: 120px;\"><em>Vuonna 1994 mieheni rakensi ateljeen kotimme yhteyteen ja se mahdollisti suurten maalausten teon. Aloin pit\u00e4\u00e4 my\u00f6s n\u00e4yttelyit\u00e4 tuohon aikaan.<\/em><\/p>\n<p style=\"padding-left: 120px;\"><strong><span style=\"color: #ff6600;\">Kuinka hyvin tulet toimeen?<\/span><\/strong><\/p>\n<p style=\"padding-left: 120px;\"><em>Teen koko ajan opettajan ty\u00f6t\u00e4 ja toivon, ett\u00e4 pysyn terveen\u00e4 ja luomisvoimaisena, kun vapaudun siit\u00e4 ty\u00f6st\u00e4 muutaman vuoden kuluttua. Haluaisin kuitenkin pit\u00e4\u00e4 enemm\u00e4n n\u00e4yttelyit\u00e4 ja saada mm. kuvateoksen maalauksistani aikaiseksi, mutta sellaiseen ei ole varaa ja apurahoja ei tipu ty\u00f6ss\u00e4k\u00e4yv\u00e4lle taiteilijalle.<\/em><\/p>\n<p style=\"padding-left: 120px;\"><strong><span style=\"color: #ff6600;\">Mik\u00e4 tekee taiteilijan?<\/span><\/strong><\/p>\n<p style=\"padding-left: 120px;\"><em>Sep\u00e4 onkin t\u00e4rke\u00e4 kysymys. Lahjakkuutta ja luovuutta varmasti tarvitaan, mutta se ei viel\u00e4 yksin riit\u00e4. Lapsen tai nuoren ymp\u00e4rist\u00f6ss\u00e4 pit\u00e4\u00e4 varmasti olla sellaista positiivista asennetta ja ohjausta, ett\u00e4 kipin\u00e4 syttyy. Oppia on kyll\u00e4 mahdollisuus saada ja tiedosta on monesti kysymys. Sis\u00e4ist\u00e4 palon, etten sanoisi ROIHUA, on oltava ja ty\u00f6t\u00e4 pit\u00e4\u00e4 kovasti tehd\u00e4. My\u00f6hemmin tarvitaan paljon rohkeutta ja k\u00e4yt\u00e4nn\u00f6n el\u00e4m\u00e4n j\u00e4rjestelyj\u00e4kin, ett\u00e4 uskaltautuu ammattiaan harjoittamaan.<\/em><\/p>\n<p style=\"padding-left: 120px;\"><strong><span style=\"color: #ff6600;\">Mille taiteeseen liittyv\u00e4st\u00e4 saavutuksestasi annat eniten arvoa?<\/span><\/strong><\/p>\n<p style=\"padding-left: 120px;\"><em>Mietin rajusti 90-luvun alussa, ryhdynk\u00f6 jatkamaan kaupallisia opintojani vai yritt\u00e4isink\u00f6 saada aikaiseksi jotakin omaa. P\u00e4\u00e4t\u00f6s ryhty\u00e4 tekem\u00e4\u00e4n taidetta on kyll\u00e4 ollut siisti juttu.<\/em><\/p>\n<p style=\"padding-left: 120px;\"><strong><span style=\"color: #ff6600;\">Kuka, mik\u00e4 tai mitk\u00e4 ovat suurimpia muusiasi?<\/span><\/strong><\/p>\n<p style=\"padding-left: 120px;\"><em>Pit\u00e4\u00e4p\u00e4 mietti\u00e4 tuota!<\/em><\/p>\n<p style=\"padding-left: 120px;\"><strong><span style=\"color: #ff6600;\">Ket\u00e4 taiteilijaa arvostat eniten ja miksi?<\/span><\/strong><\/p>\n<p style=\"padding-left: 120px;\"><em>Yht\u00e4 taiteilijaa on vaikea nimet\u00e4. Nina Vanasta, joka oli opettajani Kemin tytt\u00f6lyseossa, arvostan paljon. <\/em><em>Kun h\u00e4nen maalauksiaan oli paikallisen pankin ikkunassa n\u00e4ytill\u00e4, seisoin monena iltana tuijottamassa niit\u00e4. H\u00e4nest\u00e4 kirjoitetun kirjan nimelt\u00e4\u00e4n &#8211; \u201dTuuppa kattoon\u201d, 1986 \u2013 olen lukenut useita kertoja. Reidar S\u00e4rest\u00f6niemi on sellainen lappilainen maalari, ett\u00e4 pois alta. Nykyisin katselen mielell\u00e4ni Jackson Pollockin maalauksia netiss\u00e4. H\u00e4nen ty\u00f6skentelyss\u00e4\u00e4n on rytmi\u00e4 ja liikett\u00e4. Soile Yli-M\u00e4yry on saavuttanut kansainv\u00e4list\u00e4 mainetta ja pid\u00e4n h\u00e4nen maalauksistaan. Lis\u00e4ksi h\u00e4n on hieno ja yst\u00e4v\u00e4llinen ihminen.<\/em><\/p>\n<p style=\"padding-left: 120px;\"><strong><span style=\"color: #ff6600;\">Mik\u00e4 on mielest\u00e4si kulttuurievoluution suurin saavutus?<\/span><\/strong><\/p>\n<p style=\"padding-left: 120px;\"><em>Varmasti \u00a0kirjoitustaidon keksiminen. Siit\u00e4 on sivistys ja ihmisten hyvinvointi l\u00e4ht\u00f6isin. Kuvakirjoitus muuttui kirjaimia sis\u00e4lt\u00e4v\u00e4ksi tekstiksi. Itsens\u00e4 toteuttamisen tarve on hierarkiassa huipulla, joten kaikki muut tarpeet on ensin oltava poissa mielest\u00e4, jotta pystyy t\u00e4ysipainoiseen luovaan toimintaan. Kameran keksiminen vapautti maalarit pikkutarkasta kopioinnista. Tietotekniikka sallii ihmisten katsella taidetta ja kuunnella musiikkia ajasta ja paikasta riippumatta. Tieto- ja viestint\u00e4tekniikan l\u00e4pimurto on muuttanut meid\u00e4n ty\u00f6skentelykulttuuriamme ja el\u00e4m\u00e4\u00e4mme peruuttamattomasti.<\/em><\/p>\n<p style=\"padding-left: 120px;\"><strong><span style=\"color: #ff6600;\">Miten muuten toteutat itse\u00e4si?<\/span><\/strong><\/p>\n<p style=\"padding-left: 120px;\"><em><img loading=\"lazy\" decoding=\"async\" class=\"alignleft\" title=\"Tuunatut laudat by Lea\" alt=\"TuunaustaP\" src=\"http:\/\/www.leaviita.com\/wp-content\/uploads\/2010\/11\/TuunaustaP1-176x300.jpg\" width=\"141\" height=\"240\" \/>Voi jukra! Toteutan eli harrastan?<\/em><\/p>\n<p style=\"padding-left: 120px;\"><em>Liikunnalliset lajit esim. lumilautailu ja hiihto ovat j\u00e4\u00e4neet v\u00e4hemm\u00e4lle samoin pianon soitto. K\u00e4sity\u00f6t ovat j\u00e4\u00e4neet my\u00f6s. Opetusty\u00f6ss\u00e4 joutuu joka tunti laittamaan itsens\u00e4 likoon. Maalaan tai puuhaan ty\u00f6huoneessa, jos viel\u00e4 ty\u00f6p\u00e4iv\u00e4n j\u00e4lkeen jaksan.<\/em><\/p>\n<p style=\"padding-left: 120px;\"><strong><span style=\"color: #ff6600;\">Arvostetaanko luovuutta\u00a0 eli taidetta tarpeeksi?<\/span><\/strong><\/p>\n<p style=\"padding-left: 120px;\"><em>Juhlapuheissa kyll\u00e4 \u2013 yritt\u00e4j\u00e4ll\u00e4 sit\u00e4 pit\u00e4\u00e4 olla, koululaisella sit\u00e4 pit\u00e4\u00e4 olla ja kaikilla omassa ty\u00f6ss\u00e4\u00e4n \u2013 puhumattakaan kulttuurin ammattilaisista. Mutta, rahassahan sit\u00e4 arvostusta aina mitataan ja vain muutama taiteilija voi el\u00e4\u00e4 ty\u00f6ll\u00e4\u00e4n nykyp\u00e4iv\u00e4n Suomessa<\/em><strong>. <\/strong><em>Kuvataitelija myy edelleen teoksiaan<\/em> <em>pilkkahintaan, jotta saisi edes vuokrat maksetuksi. Nuori taiteilija on ammatinharjoittaja tai yritt\u00e4j\u00e4, jonka pit\u00e4isi saada startit ja alvit jne. Toimeentulon turvaaminen luovissa t\u00f6iss\u00e4 on ensiarvoisen t\u00e4rke\u00e4\u00e4 ja viisasta koko yhteiskunnalle.<\/em><\/p>\n<p style=\"padding-left: 120px;\"><em>Vastaus kysymykseesi on siis: EI TIETENK\u00c4\u00c4N!<\/em><\/p>\n<p style=\"padding-left: 120px;\"><strong><span style=\"color: #ff6600;\">Miten yrit\u00e4t perustella taidettasi ihmiselle, joka ei ymm\u00e4rr\u00e4 sit\u00e4 ollenkaan?<\/span><\/strong><\/p>\n<p style=\"padding-left: 120px;\"><em>Eip\u00e4 sit\u00e4 usein tarvitse perustella kenellek\u00e4\u00e4n, sill\u00e4 sellaisia ei ole meill\u00e4 t\u00e4\u00e4ll\u00e4 tai n\u00e4yttelyiss\u00e4ni n\u00e4kynyt. Muutoinhan taide on tosi kiintoisa puheenaihe siksi, ett\u00e4 siit\u00e4 jokaisella on oma mielipiteens\u00e4, jonka tietysti jokainen saa pit\u00e4\u00e4.<\/em><\/p>\n<p style=\"padding-left: 120px;\"><strong><span style=\"color: #ff6600;\">Onko oikein, ett\u00e4 taiteesi m\u00e4\u00e4ritell\u00e4\u00e4n korkeakulttuuriksi?<\/span><\/strong><\/p>\n<p style=\"padding-left: 120px;\"><em>No, kaikin mokomin. Tuo on oikeastaan ilmaisu, jota harvoin nyky\u00e4\u00e4n kuulee. Teen omaa taidettani ja toivon sen joskus olevan kaikkien halukkaiden n\u00e4ht\u00e4vill\u00e4 ja ulottuvilla.<\/em><\/p>\n<p style=\"padding-left: 120px;\"><strong><span style=\"color: #ff6600;\">Mink\u00e4laisia terveisi\u00e4 annat yhteiskunnalle taiteen tukemisesta?<\/span><\/strong><\/p>\n<p style=\"padding-left: 120px;\"><em>Olisi kaikkien lappilaisten etu, ett\u00e4 se nostettaisiin sille kuuluvaan arvoonsa ja siit\u00e4 maksettaisiin kunnon hintaa tekij\u00f6ille. Pid\u00e4mme viihtyis\u00e4st\u00e4 ymp\u00e4rist\u00f6st\u00e4, taide antaa sis\u00e4lt\u00f6\u00e4 el\u00e4m\u00e4\u00e4n ja sit\u00e4 pit\u00e4isi olla kaikkialla: kodeissa, kouluissa, ty\u00f6paikoilla, ravintoloissa jne. \u00a0Taide on hyv\u00e4 sijoitus tulevaisuuteen. Menestyviss\u00e4 matkailukohteissa n\u00e4ytt\u00e4\u00e4 taide ja taiteilijat olevan tosi n\u00e4kyv\u00e4sti esill\u00e4. <\/em><\/p>\n<p style=\"padding-left: 120px;\"><em>Paha juttu on tietysti ollut taidekasvatuksen pienentyminen kouluissamme. Koulun arki on tylsistynyt ja juhlatilaisuuksien ohjelma on yh\u00e4 vaatimattomampaa.<\/em><\/p>\n<p style=\"padding-left: 120px;\"><strong><span style=\"color: #ff6600;\">Kiitos haastattelusta<\/span><\/strong><\/p>\n<p style=\"padding-left: 120px;\"><em>Toimittaja Topi Tossavainen, Roihu-lehti, lokakuu 2006<\/em><\/p>\n<p style=\"padding-left: 120px;\"><em>Lappilaisen <strong>kulttuurilehti ROIHUN <\/strong>numeroita luettavissa viel\u00e4 <strong><a href=\"http:\/\/www.lehtiluukku.fi\/pub?id=342\">LEHTILUUKUSSA<\/a><\/strong><\/em><\/p>\n","protected":false},"excerpt":{"rendered":"<p>ROIHU-LEHTI, &#8221;TAITEILIJAEL\u00c4M\u00c4\u00c4&#8221;, kulttuuri-sivu, lokakuu 2006 Haastateltavana lappilainen kuvataiteilija Lea Viita Mit\u00e4 haluat kertoa itsest\u00e4si? Paljonkin olisi kerrottavaa, mutta nimest\u00e4ni sen, ett\u00e4 Lea Viita on oma nimeni \u2013 siis tytt\u00f6nimeni. Kun kirjoitan sen, muistan, mist\u00e4 tulen \u2013 \u00e4idin (Aili Astrid o.s. Stolt), is\u00e4n (Wilhelm Allan\u00a0Wiita)\u00a0ja kodin, joka oli Kemiss\u00e4 sek\u00e4 lapsuuteni, nuoruuteni ja kouluajat Tipulassa. Siell\u00e4 [&hellip;]<\/p>\n","protected":false},"author":2,"featured_media":0,"parent":26,"menu_order":0,"comment_status":"closed","ping_status":"open","template":"full-width-page.php","meta":{"ngg_post_thumbnail":0,"footnotes":""},"class_list":["post-591","page","type-page","status-publish","hentry"],"_links":{"self":[{"href":"https:\/\/www.leaviita.com\/index.php?rest_route=\/wp\/v2\/pages\/591","targetHints":{"allow":["GET"]}}],"collection":[{"href":"https:\/\/www.leaviita.com\/index.php?rest_route=\/wp\/v2\/pages"}],"about":[{"href":"https:\/\/www.leaviita.com\/index.php?rest_route=\/wp\/v2\/types\/page"}],"author":[{"embeddable":true,"href":"https:\/\/www.leaviita.com\/index.php?rest_route=\/wp\/v2\/users\/2"}],"replies":[{"embeddable":true,"href":"https:\/\/www.leaviita.com\/index.php?rest_route=%2Fwp%2Fv2%2Fcomments&post=591"}],"version-history":[{"count":58,"href":"https:\/\/www.leaviita.com\/index.php?rest_route=\/wp\/v2\/pages\/591\/revisions"}],"predecessor-version":[{"id":594,"href":"https:\/\/www.leaviita.com\/index.php?rest_route=\/wp\/v2\/pages\/591\/revisions\/594"}],"up":[{"embeddable":true,"href":"https:\/\/www.leaviita.com\/index.php?rest_route=\/wp\/v2\/pages\/26"}],"wp:attachment":[{"href":"https:\/\/www.leaviita.com\/index.php?rest_route=%2Fwp%2Fv2%2Fmedia&parent=591"}],"curies":[{"name":"wp","href":"https:\/\/api.w.org\/{rel}","templated":true}]}}