{"id":7439,"date":"2018-07-22T11:07:12","date_gmt":"2018-07-22T11:07:12","guid":{"rendered":"http:\/\/www.leaviita.com\/?page_id=7439"},"modified":"2018-07-22T13:10:35","modified_gmt":"2018-07-22T13:10:35","slug":"sampotaide-nayttely-lapin-taiteilijaseuran-yhteisnaittely-18-6-28-7-2018-sampokeskus-rovaniemi","status":"publish","type":"page","link":"https:\/\/www.leaviita.com\/?page_id=7439","title":{"rendered":"SAMPOTAIDE-n\u00e4yttely,  Lapin taiteilijaseuran yhteisn\u00e4ittely 18.6. &#8211; 28.7.2018, Sampokeskus ROVANIEMI"},"content":{"rendered":"<div id=\"attachment_7416\" style=\"width: 614px\" class=\"wp-caption aligncenter\"><a href=\"http:\/\/www.leaviita.com\/?attachment_id=7416\" rel=\"attachment wp-att-7416\"><img loading=\"lazy\" decoding=\"async\" aria-describedby=\"caption-attachment-7416\" class=\"wp-image-7416 size-large\" title=\"Avajaisissa 18.6. Lean maalaukset: Naavaa II ja Aurinkoinen p\u00e4iv\u00e4\" src=\"http:\/\/www.leaviita.com\/wp-content\/uploads\/2018\/06\/Lea-Sampotaide-n\u00e4yttelyss\u00e4-1024x929.jpg\" alt=\"\" width=\"604\" height=\"548\" srcset=\"https:\/\/www.leaviita.com\/wp-content\/uploads\/2018\/06\/Lea-Sampotaide-n\u00e4yttelyss\u00e4-1024x929.jpg 1024w, https:\/\/www.leaviita.com\/wp-content\/uploads\/2018\/06\/Lea-Sampotaide-n\u00e4yttelyss\u00e4-300x272.jpg 300w, https:\/\/www.leaviita.com\/wp-content\/uploads\/2018\/06\/Lea-Sampotaide-n\u00e4yttelyss\u00e4-768x697.jpg 768w, https:\/\/www.leaviita.com\/wp-content\/uploads\/2018\/06\/Lea-Sampotaide-n\u00e4yttelyss\u00e4.jpg 1157w\" sizes=\"auto, (max-width: 604px) 100vw, 604px\" \/><\/a><p id=\"caption-attachment-7416\" class=\"wp-caption-text\">Avajaisissa 18.6. Lean maalaukset: Naavaa II ja Aurinkoinen p\u00e4iv\u00e4<\/p><\/div>\n<div id=\"attachment_7415\" style=\"width: 614px\" class=\"wp-caption aligncenter\"><a href=\"http:\/\/www.leaviita.com\/?attachment_id=7415\" rel=\"attachment wp-att-7415\"><img loading=\"lazy\" decoding=\"async\" aria-describedby=\"caption-attachment-7415\" class=\"wp-image-7415 size-large\" title=\"Marja-aika -sarjan maalaus &quot;Mustikka-aika&quot; sek\u00e4 garafiikkaa\" src=\"http:\/\/www.leaviita.com\/wp-content\/uploads\/2018\/06\/Lea-Sampotaide-myyntin\u00e4yttelyss\u00e4-768x1024.jpg\" alt=\"\" width=\"604\" height=\"805\" srcset=\"https:\/\/www.leaviita.com\/wp-content\/uploads\/2018\/06\/Lea-Sampotaide-myyntin\u00e4yttelyss\u00e4-768x1024.jpg 768w, https:\/\/www.leaviita.com\/wp-content\/uploads\/2018\/06\/Lea-Sampotaide-myyntin\u00e4yttelyss\u00e4-225x300.jpg 225w, https:\/\/www.leaviita.com\/wp-content\/uploads\/2018\/06\/Lea-Sampotaide-myyntin\u00e4yttelyss\u00e4.jpg 1200w\" sizes=\"auto, (max-width: 604px) 100vw, 604px\" \/><\/a><p id=\"caption-attachment-7415\" class=\"wp-caption-text\">Marja-aika -sarjan maalaus &#8221;Mustikka-aika&#8221; sek\u00e4 pieni\u00e4 monotypioita<\/p><\/div>\n<div style=\"width: 614px\" class=\"wp-caption alignnone\"><a href=\"http:\/\/www.leaviita.com\/?attachment_id=7419\" rel=\"attachment wp-att-7419\"><img loading=\"lazy\" decoding=\"async\" class=\"wp-image-7419 size-large\" title=\"N\u00e4kym\u00e4 Sampotaide-n\u00e4yttelyst\u00e4\" src=\"http:\/\/www.leaviita.com\/wp-content\/uploads\/2018\/06\/Sampotaide-sali-1024x768.jpg\" alt=\"\" width=\"604\" height=\"453\" srcset=\"https:\/\/www.leaviita.com\/wp-content\/uploads\/2018\/06\/Sampotaide-sali-1024x768.jpg 1024w, https:\/\/www.leaviita.com\/wp-content\/uploads\/2018\/06\/Sampotaide-sali-300x225.jpg 300w, https:\/\/www.leaviita.com\/wp-content\/uploads\/2018\/06\/Sampotaide-sali-768x576.jpg 768w, https:\/\/www.leaviita.com\/wp-content\/uploads\/2018\/06\/Sampotaide-sali.jpg 1280w\" sizes=\"auto, (max-width: 604px) 100vw, 604px\" \/><\/a><p class=\"wp-caption-text\">N\u00e4kym\u00e4 Sampotaide-n\u00e4yttelyst\u00e4<\/p><\/div>\n<div id=\"attachment_7417\" style=\"width: 614px\" class=\"wp-caption aligncenter\"><a href=\"http:\/\/www.leaviita.com\/?attachment_id=7417\" rel=\"attachment wp-att-7417\"><img loading=\"lazy\" decoding=\"async\" aria-describedby=\"caption-attachment-7417\" class=\"wp-image-7417 size-large\" title=\"N\u00e4kym\u00e4 myyntin\u00e4yttelyst\u00e4\" src=\"http:\/\/www.leaviita.com\/wp-content\/uploads\/2018\/06\/Sampotaide-myyntin\u00e4yttey-2-1024x768.jpg\" alt=\"\" width=\"604\" height=\"453\" srcset=\"https:\/\/www.leaviita.com\/wp-content\/uploads\/2018\/06\/Sampotaide-myyntin\u00e4yttey-2-1024x768.jpg 1024w, https:\/\/www.leaviita.com\/wp-content\/uploads\/2018\/06\/Sampotaide-myyntin\u00e4yttey-2-300x225.jpg 300w, https:\/\/www.leaviita.com\/wp-content\/uploads\/2018\/06\/Sampotaide-myyntin\u00e4yttey-2-768x576.jpg 768w, https:\/\/www.leaviita.com\/wp-content\/uploads\/2018\/06\/Sampotaide-myyntin\u00e4yttey-2.jpg 1280w\" sizes=\"auto, (max-width: 604px) 100vw, 604px\" \/><\/a><p id=\"caption-attachment-7417\" class=\"wp-caption-text\">N\u00e4kym\u00e4 myyntin\u00e4yttelyst\u00e4<\/p><\/div>\n","protected":false},"excerpt":{"rendered":"","protected":false},"author":2,"featured_media":0,"parent":2,"menu_order":0,"comment_status":"closed","ping_status":"closed","template":"","meta":{"ngg_post_thumbnail":0,"footnotes":""},"class_list":["post-7439","page","type-page","status-publish","hentry"],"_links":{"self":[{"href":"https:\/\/www.leaviita.com\/index.php?rest_route=\/wp\/v2\/pages\/7439","targetHints":{"allow":["GET"]}}],"collection":[{"href":"https:\/\/www.leaviita.com\/index.php?rest_route=\/wp\/v2\/pages"}],"about":[{"href":"https:\/\/www.leaviita.com\/index.php?rest_route=\/wp\/v2\/types\/page"}],"author":[{"embeddable":true,"href":"https:\/\/www.leaviita.com\/index.php?rest_route=\/wp\/v2\/users\/2"}],"replies":[{"embeddable":true,"href":"https:\/\/www.leaviita.com\/index.php?rest_route=%2Fwp%2Fv2%2Fcomments&post=7439"}],"version-history":[{"count":6,"href":"https:\/\/www.leaviita.com\/index.php?rest_route=\/wp\/v2\/pages\/7439\/revisions"}],"predecessor-version":[{"id":7476,"href":"https:\/\/www.leaviita.com\/index.php?rest_route=\/wp\/v2\/pages\/7439\/revisions\/7476"}],"up":[{"embeddable":true,"href":"https:\/\/www.leaviita.com\/index.php?rest_route=\/wp\/v2\/pages\/2"}],"wp:attachment":[{"href":"https:\/\/www.leaviita.com\/index.php?rest_route=%2Fwp%2Fv2%2Fmedia&parent=7439"}],"curies":[{"name":"wp","href":"https:\/\/api.w.org\/{rel}","templated":true}]}}