{"id":7447,"date":"2018-07-22T11:31:38","date_gmt":"2018-07-22T11:31:38","guid":{"rendered":"http:\/\/www.leaviita.com\/?page_id=7447"},"modified":"2019-08-14T14:15:09","modified_gmt":"2019-08-14T14:15:09","slug":"lapin-kansa-2018","status":"publish","type":"page","link":"https:\/\/www.leaviita.com\/?page_id=7447","title":{"rendered":"LAPIN KANSA 2018 &#8211; 2019"},"content":{"rendered":"<div id=\"attachment_7458\" style=\"width: 1028px\" class=\"wp-caption aligncenter\"><a href=\"http:\/\/www.leaviita.com\/?attachment_id=7458\" rel=\"attachment wp-att-7449\"><img loading=\"lazy\" decoding=\"async\" aria-describedby=\"caption-attachment-7458\" class=\"wp-image-7458 size-full\" title=\"Lapin kansa Kulttuuri ke 4.7.2018\" src=\"http:\/\/www.leaviita.com\/wp-content\/uploads\/2018\/07\/Lapin-Kansa-Kulttuuri-Taidesampo-kes\u00e42018-1.jpg\" alt=\"\" width=\"1018\" height=\"909\" srcset=\"https:\/\/www.leaviita.com\/wp-content\/uploads\/2018\/07\/Lapin-Kansa-Kulttuuri-Taidesampo-kes\u00e42018-1.jpg 1018w, https:\/\/www.leaviita.com\/wp-content\/uploads\/2018\/07\/Lapin-Kansa-Kulttuuri-Taidesampo-kes\u00e42018-1-300x268.jpg 300w, https:\/\/www.leaviita.com\/wp-content\/uploads\/2018\/07\/Lapin-Kansa-Kulttuuri-Taidesampo-kes\u00e42018-1-768x686.jpg 768w\" sizes=\"auto, (max-width: 1018px) 100vw, 1018px\" \/><\/a><p id=\"caption-attachment-7458\" class=\"wp-caption-text\">Lapin kansa Kulttuuri ke 4.7.2018 kuvassa n\u00e4yttelyn jyrytt\u00e4j\u00e4 kuvanveist\u00e4j\u00e4 Risto Immonen<\/p><\/div>\n<div id=\"attachment_7455\" style=\"width: 254px\" class=\"wp-caption aligncenter\"><a href=\"http:\/\/www.leaviita.com\/?attachment_id=7455\" rel=\"attachment wp-att-7450\"><img loading=\"lazy\" decoding=\"async\" aria-describedby=\"caption-attachment-7455\" class=\"wp-image-7455 size-full\" title=\"Lapin kansa kritiikki Taidesampo-n\u00e4yttelyst\u00e4 (R. K.)\" src=\"http:\/\/www.leaviita.com\/wp-content\/uploads\/2018\/07\/Taidesampo-kritiikki-19.7.2018-R.-K.-1.jpg\" alt=\"\" width=\"244\" height=\"749\" srcset=\"https:\/\/www.leaviita.com\/wp-content\/uploads\/2018\/07\/Taidesampo-kritiikki-19.7.2018-R.-K.-1.jpg 244w, https:\/\/www.leaviita.com\/wp-content\/uploads\/2018\/07\/Taidesampo-kritiikki-19.7.2018-R.-K.-1-98x300.jpg 98w\" sizes=\"auto, (max-width: 244px) 100vw, 244px\" \/><\/a><p id=\"caption-attachment-7455\" class=\"wp-caption-text\">Lapin kansa kritiikki Taidesampo-n\u00e4yttelyst\u00e4 (R. K.)<\/p><\/div>\n<p>&nbsp;<\/p>\n","protected":false},"excerpt":{"rendered":"<p>&nbsp;<\/p>\n","protected":false},"author":2,"featured_media":0,"parent":763,"menu_order":0,"comment_status":"closed","ping_status":"closed","template":"","meta":{"ngg_post_thumbnail":0,"footnotes":""},"class_list":["post-7447","page","type-page","status-publish","hentry"],"_links":{"self":[{"href":"https:\/\/www.leaviita.com\/index.php?rest_route=\/wp\/v2\/pages\/7447","targetHints":{"allow":["GET"]}}],"collection":[{"href":"https:\/\/www.leaviita.com\/index.php?rest_route=\/wp\/v2\/pages"}],"about":[{"href":"https:\/\/www.leaviita.com\/index.php?rest_route=\/wp\/v2\/types\/page"}],"author":[{"embeddable":true,"href":"https:\/\/www.leaviita.com\/index.php?rest_route=\/wp\/v2\/users\/2"}],"replies":[{"embeddable":true,"href":"https:\/\/www.leaviita.com\/index.php?rest_route=%2Fwp%2Fv2%2Fcomments&post=7447"}],"version-history":[{"count":13,"href":"https:\/\/www.leaviita.com\/index.php?rest_route=\/wp\/v2\/pages\/7447\/revisions"}],"predecessor-version":[{"id":7754,"href":"https:\/\/www.leaviita.com\/index.php?rest_route=\/wp\/v2\/pages\/7447\/revisions\/7754"}],"up":[{"embeddable":true,"href":"https:\/\/www.leaviita.com\/index.php?rest_route=\/wp\/v2\/pages\/763"}],"wp:attachment":[{"href":"https:\/\/www.leaviita.com\/index.php?rest_route=%2Fwp%2Fv2%2Fmedia&parent=7447"}],"curies":[{"name":"wp","href":"https:\/\/api.w.org\/{rel}","templated":true}]}}