{"id":763,"date":"2010-12-16T11:55:50","date_gmt":"2010-12-16T11:55:50","guid":{"rendered":"http:\/\/www.leaviita.com\/"},"modified":"2019-08-14T11:12:59","modified_gmt":"2019-08-14T11:12:59","slug":"lehdet-press","status":"publish","type":"page","link":"https:\/\/www.leaviita.com\/?page_id=763","title":{"rendered":"Lehdet"},"content":{"rendered":"<div id=\"attachment_7715\" style=\"width: 564px\" class=\"wp-caption aligncenter\"><a href=\"http:\/\/www.leaviita.com\/?attachment_id=7715\"><img loading=\"lazy\" decoding=\"async\" aria-describedby=\"caption-attachment-7715\" class=\"wp-image-7715 size-full\" title=\"Menoinfo Lapin Kansa toukokuu 2019\" src=\"http:\/\/www.leaviita.com\/wp-content\/uploads\/2019\/08\/Lapin-Kansa-N\u00e4yttelyt-2.jpg\" alt=\"\" width=\"554\" height=\"912\" srcset=\"https:\/\/www.leaviita.com\/wp-content\/uploads\/2019\/08\/Lapin-Kansa-N\u00e4yttelyt-2.jpg 554w, https:\/\/www.leaviita.com\/wp-content\/uploads\/2019\/08\/Lapin-Kansa-N\u00e4yttelyt-2-182x300.jpg 182w\" sizes=\"auto, (max-width: 554px) 100vw, 554px\" \/><\/a><p id=\"caption-attachment-7715\" class=\"wp-caption-text\">Menoinfo Lapin Kansa toukokuu 2019<\/p><\/div>\n<div id=\"attachment_2687\" style=\"width: 661px\" class=\"wp-caption aligncenter\"><a href=\"http:\/\/www.leaviita.com\/wp-content\/uploads\/2012\/03\/Lapin-Kansa-n\u00e4yttelyst\u00e4-Voimassa-2009.jpg\"><img loading=\"lazy\" decoding=\"async\" aria-describedby=\"caption-attachment-2687\" class=\"wp-image-2687\" src=\"http:\/\/www.leaviita.com\/wp-content\/uploads\/2012\/03\/Lapin-Kansa-n\u00e4yttelyst\u00e4-Voimassa-2009-1024x698.jpg\" alt=\"Lea Viita Galleria Voimassa 2009\" width=\"651\" height=\"444\" srcset=\"https:\/\/www.leaviita.com\/wp-content\/uploads\/2012\/03\/Lapin-Kansa-n\u00e4yttelyst\u00e4-Voimassa-2009-1024x698.jpg 1024w, https:\/\/www.leaviita.com\/wp-content\/uploads\/2012\/03\/Lapin-Kansa-n\u00e4yttelyst\u00e4-Voimassa-2009-300x204.jpg 300w, https:\/\/www.leaviita.com\/wp-content\/uploads\/2012\/03\/Lapin-Kansa-n\u00e4yttelyst\u00e4-Voimassa-2009.jpg 1687w\" sizes=\"auto, (max-width: 651px) 100vw, 651px\" \/><\/a><p id=\"caption-attachment-2687\" class=\"wp-caption-text\">Galleria Voima, Kemi 2009<\/p><\/div>\n<div id=\"attachment_2701\" style=\"width: 665px\" class=\"wp-caption aligncenter\"><a href=\"http:\/\/www.leaviita.com\/wp-content\/uploads\/2012\/03\/GalleriaVoimakritiikki.jpg\"><img loading=\"lazy\" decoding=\"async\" aria-describedby=\"caption-attachment-2701\" class=\"wp-image-2701 \" src=\"http:\/\/www.leaviita.com\/wp-content\/uploads\/2012\/03\/GalleriaVoimakritiikki-1024x731.jpg\" alt=\"Karujen kankaiden kukkia\" width=\"655\" height=\"468\" srcset=\"https:\/\/www.leaviita.com\/wp-content\/uploads\/2012\/03\/GalleriaVoimakritiikki-1024x731.jpg 1024w, https:\/\/www.leaviita.com\/wp-content\/uploads\/2012\/03\/GalleriaVoimakritiikki-300x214.jpg 300w, https:\/\/www.leaviita.com\/wp-content\/uploads\/2012\/03\/GalleriaVoimakritiikki.jpg 1696w\" sizes=\"auto, (max-width: 655px) 100vw, 655px\" \/><\/a><p id=\"caption-attachment-2701\" class=\"wp-caption-text\">Arviointi Galleria Voiman n\u00e4yttelyst\u00e4 (Richard Kautto)<\/p><\/div>\n<h5><strong>KATSO LIS\u00c4\u00c4 ARVIOITA JA JUTTUJA TAITEESTA JA EL\u00c4M\u00c4ST\u00c4<\/strong><\/h5>\n<p><a href=\"http:\/\/www.leaviita.com\/?page_id=765\">LAPIN KANSA JA POHJOLAN SANOMAT<\/a><\/p>\n<p><a href=\"http:\/\/www.leaviita.com\/?page_id=4788\">KUUKKELI<\/a><\/p>\n<p><a href=\"http:\/\/www.leaviita.com\/?page_id=3439\">UUSIROVANIEM<\/a>I<\/p>\n<p><a href=\"http:\/\/www.leaviita.com\/?page_id=3036\">KALEVA<\/a><\/p>\n<p><a href=\"http:\/\/www.leaviita.com\/?page_id=2894\">KOTI LAPPI<\/a><\/p>\n<p><a href=\"http:\/\/www.leaviita.com\/?page_id=2307&amp;preview=true\">KYLTERI<\/a><\/p>\n<div id=\"attachment_2782\" style=\"width: 389px\" class=\"wp-caption aligncenter\"><a href=\"http:\/\/www.leaviita.com\/wp-content\/uploads\/2012\/04\/Kaltio-1996-neo-3.jpg\"><img loading=\"lazy\" decoding=\"async\" aria-describedby=\"caption-attachment-2782\" class=\" wp-image-2782\" src=\"http:\/\/www.leaviita.com\/wp-content\/uploads\/2012\/04\/Kaltio-1996-neo-3-229x300.jpg\" alt=\"Kulttuurilehti Kaltio 1996\" width=\"379\" height=\"497\" \/><\/a><p id=\"caption-attachment-2782\" class=\"wp-caption-text\">Kulttuurilehti Kaltio 1996<\/p><\/div>\n<p>&nbsp;<\/p>\n","protected":false},"excerpt":{"rendered":"<p>KATSO LIS\u00c4\u00c4 ARVIOITA JA JUTTUJA TAITEESTA JA EL\u00c4M\u00c4ST\u00c4 LAPIN KANSA JA POHJOLAN SANOMAT KUUKKELI UUSIROVANIEMI KALEVA KOTI LAPPI KYLTERI &nbsp;<\/p>\n","protected":false},"author":2,"featured_media":0,"parent":0,"menu_order":4,"comment_status":"closed","ping_status":"open","template":"","meta":{"ngg_post_thumbnail":0,"footnotes":""},"class_list":["post-763","page","type-page","status-publish","hentry"],"_links":{"self":[{"href":"https:\/\/www.leaviita.com\/index.php?rest_route=\/wp\/v2\/pages\/763","targetHints":{"allow":["GET"]}}],"collection":[{"href":"https:\/\/www.leaviita.com\/index.php?rest_route=\/wp\/v2\/pages"}],"about":[{"href":"https:\/\/www.leaviita.com\/index.php?rest_route=\/wp\/v2\/types\/page"}],"author":[{"embeddable":true,"href":"https:\/\/www.leaviita.com\/index.php?rest_route=\/wp\/v2\/users\/2"}],"replies":[{"embeddable":true,"href":"https:\/\/www.leaviita.com\/index.php?rest_route=%2Fwp%2Fv2%2Fcomments&post=763"}],"version-history":[{"count":87,"href":"https:\/\/www.leaviita.com\/index.php?rest_route=\/wp\/v2\/pages\/763\/revisions"}],"predecessor-version":[{"id":7716,"href":"https:\/\/www.leaviita.com\/index.php?rest_route=\/wp\/v2\/pages\/763\/revisions\/7716"}],"wp:attachment":[{"href":"https:\/\/www.leaviita.com\/index.php?rest_route=%2Fwp%2Fv2%2Fmedia&parent=763"}],"curies":[{"name":"wp","href":"https:\/\/api.w.org\/{rel}","templated":true}]}}