{"id":7721,"date":"2019-08-14T11:41:16","date_gmt":"2019-08-14T11:41:16","guid":{"rendered":"http:\/\/www.leaviita.com\/?page_id=7721"},"modified":"2025-02-28T08:37:36","modified_gmt":"2025-02-28T08:37:36","slug":"2019-toukokuu-taiteilija-reidar-sarestoniemen-museo","status":"publish","type":"page","link":"https:\/\/www.leaviita.com\/?page_id=7721","title":{"rendered":"2019 TOUKOKUU TAITEILIJA, REIDAR S\u00c4REST\u00d6NIEMEN MUSEO"},"content":{"rendered":"<div id=\"attachment_7676\" style=\"width: 614px\" class=\"wp-caption alignnone\"><a href=\"http:\/\/www.leaviita.com\/?attachment_id=7676\" rel=\"attachment wp-att-7676\"><img loading=\"lazy\" decoding=\"async\" aria-describedby=\"caption-attachment-7676\" class=\"wp-image-7676 size-large\" title=\"Maalauksissa ja piirroksissa &quot;KOSKETUKSESSA LAPIN LUONTO JA EL\u00c4M\u00c4&quot;\" src=\"http:\/\/www.leaviita.com\/wp-content\/uploads\/2019\/05\/Kolmas-kerta-S\u00e4rest\u00f6ss\u00e4-1024x1024.jpg\" alt=\"\" width=\"604\" height=\"604\" srcset=\"https:\/\/www.leaviita.com\/wp-content\/uploads\/2019\/05\/Kolmas-kerta-S\u00e4rest\u00f6ss\u00e4-1024x1024.jpg 1024w, https:\/\/www.leaviita.com\/wp-content\/uploads\/2019\/05\/Kolmas-kerta-S\u00e4rest\u00f6ss\u00e4-150x150.jpg 150w, https:\/\/www.leaviita.com\/wp-content\/uploads\/2019\/05\/Kolmas-kerta-S\u00e4rest\u00f6ss\u00e4-300x300.jpg 300w, https:\/\/www.leaviita.com\/wp-content\/uploads\/2019\/05\/Kolmas-kerta-S\u00e4rest\u00f6ss\u00e4-768x768.jpg 768w, https:\/\/www.leaviita.com\/wp-content\/uploads\/2019\/05\/Kolmas-kerta-S\u00e4rest\u00f6ss\u00e4.jpg 1440w\" sizes=\"auto, (max-width: 604px) 100vw, 604px\" \/><\/a><p id=\"caption-attachment-7676\" class=\"wp-caption-text\">Maalauksissa ja piirroksissa &#8221;KOSKETUKSESSA LAPIN LUONTO JA EL\u00c4M\u00c4&#8221;<\/p><\/div>\n<h1><strong><a href=\"https:\/\/www.facebook.com\/GalleriaLeaViita\/videos\/vb.429321920460407\/2459858070930894\/?type=2&amp;theater\">Katso video n\u00e4yttelyst\u00e4<\/a><\/strong><\/h1>\n<div id=\"attachment_7762\" style=\"width: 692px\" class=\"wp-caption aligncenter\"><a href=\"http:\/\/www.leaviita.com\/?attachment_id=7762\" rel=\"attachment wp-att-7762\"><img loading=\"lazy\" decoding=\"async\" aria-describedby=\"caption-attachment-7762\" class=\"wp-image-7762 size-full\" title=\"POLAR NIGHT \/ KAAMOS, Lean maalaus S\u00e4rest\u00f6ss\u00e4\" src=\"http:\/\/www.leaviita.com\/wp-content\/uploads\/2019\/08\/Polar-Night-by-Lea-Viita-S\u00e4rest\u00f6ss\u00e4.jpg\" alt=\"\" width=\"682\" height=\"385\" srcset=\"https:\/\/www.leaviita.com\/wp-content\/uploads\/2019\/08\/Polar-Night-by-Lea-Viita-S\u00e4rest\u00f6ss\u00e4.jpg 682w, https:\/\/www.leaviita.com\/wp-content\/uploads\/2019\/08\/Polar-Night-by-Lea-Viita-S\u00e4rest\u00f6ss\u00e4-300x169.jpg 300w\" sizes=\"auto, (max-width: 682px) 100vw, 682px\" \/><\/a><p id=\"caption-attachment-7762\" class=\"wp-caption-text\">&#8221;POLAR NIGHT \/ KAAMOS &#8221; Lean maalaus S\u00e4rest\u00f6ss\u00e4<\/p><\/div>\n<div id=\"attachment_7677\" style=\"width: 614px\" class=\"wp-caption aligncenter\"><a href=\"http:\/\/www.leaviita.com\/?attachment_id=7677\" rel=\"attachment wp-att-7677\"><img loading=\"lazy\" decoding=\"async\" aria-describedby=\"caption-attachment-7677\" class=\"wp-image-7677 size-large\" title=\"ER\u00c4MAA-SARJAN MAALAUS &quot;Tunturialue&quot; sek\u00e4 PIIRROKSISSA &quot;Viitaa&quot;\" src=\"http:\/\/www.leaviita.com\/wp-content\/uploads\/2019\/05\/Kahvilassa-1024x1024.jpg\" alt=\"\" width=\"604\" height=\"604\" srcset=\"https:\/\/www.leaviita.com\/wp-content\/uploads\/2019\/05\/Kahvilassa-1024x1024.jpg 1024w, https:\/\/www.leaviita.com\/wp-content\/uploads\/2019\/05\/Kahvilassa-150x150.jpg 150w, https:\/\/www.leaviita.com\/wp-content\/uploads\/2019\/05\/Kahvilassa-300x300.jpg 300w, https:\/\/www.leaviita.com\/wp-content\/uploads\/2019\/05\/Kahvilassa-768x768.jpg 768w, https:\/\/www.leaviita.com\/wp-content\/uploads\/2019\/05\/Kahvilassa.jpg 1440w\" sizes=\"auto, (max-width: 604px) 100vw, 604px\" \/><\/a><p id=\"caption-attachment-7677\" class=\"wp-caption-text\">ER\u00c4MAA-SARJAN MAALAUS &#8221;TUNTURIALUE&#8221; sek\u00e4 PIIRROKSISSA &#8221;VIITAA&#8221;<\/p><\/div>\n<p style=\"text-align: center;\"><img decoding=\"async\" src=\"http:\/\/www.leaviita.com\/wp-content\/uploads\/2011\/11\/RockpaintingDiptyh.jpg\"><br \/>\n(ykstityiskokoelmassa)<\/p>\n","protected":false},"excerpt":{"rendered":"<p>Katso video n\u00e4yttelyst\u00e4 (ykstityiskokoelmassa)<\/p>\n","protected":false},"author":2,"featured_media":0,"parent":2,"menu_order":0,"comment_status":"closed","ping_status":"closed","template":"","meta":{"ngg_post_thumbnail":0,"footnotes":""},"class_list":["post-7721","page","type-page","status-publish","hentry"],"_links":{"self":[{"href":"https:\/\/www.leaviita.com\/index.php?rest_route=\/wp\/v2\/pages\/7721","targetHints":{"allow":["GET"]}}],"collection":[{"href":"https:\/\/www.leaviita.com\/index.php?rest_route=\/wp\/v2\/pages"}],"about":[{"href":"https:\/\/www.leaviita.com\/index.php?rest_route=\/wp\/v2\/types\/page"}],"author":[{"embeddable":true,"href":"https:\/\/www.leaviita.com\/index.php?rest_route=\/wp\/v2\/users\/2"}],"replies":[{"embeddable":true,"href":"https:\/\/www.leaviita.com\/index.php?rest_route=%2Fwp%2Fv2%2Fcomments&post=7721"}],"version-history":[{"count":18,"href":"https:\/\/www.leaviita.com\/index.php?rest_route=\/wp\/v2\/pages\/7721\/revisions"}],"predecessor-version":[{"id":8354,"href":"https:\/\/www.leaviita.com\/index.php?rest_route=\/wp\/v2\/pages\/7721\/revisions\/8354"}],"up":[{"embeddable":true,"href":"https:\/\/www.leaviita.com\/index.php?rest_route=\/wp\/v2\/pages\/2"}],"wp:attachment":[{"href":"https:\/\/www.leaviita.com\/index.php?rest_route=%2Fwp%2Fv2%2Fmedia&parent=7721"}],"curies":[{"name":"wp","href":"https:\/\/api.w.org\/{rel}","templated":true}]}}